{"id":51808,"date":"2018-01-17T16:22:59","date_gmt":"2018-01-17T18:22:59","guid":{"rendered":"http:\/\/rapatra.com.br\/site\/?page_id=51808"},"modified":"2019-02-28T12:17:08","modified_gmt":"2019-02-28T15:17:08","slug":"projeto","status":"publish","type":"page","link":"https:\/\/www.radisufv.com.br\/site\/projeto\/","title":{"rendered":"Projeto"},"content":{"rendered":"<p>[et_pb_section bb_built=&#8221;1&#8243; _builder_version=&#8221;3.0.47&#8243;][et_pb_row _builder_version=&#8221;3.0.47&#8243; background_size=&#8221;initial&#8221; background_position=&#8221;top_left&#8221; background_repeat=&#8221;repeat&#8221;][et_pb_column type=&#8221;2_3&#8243;][et_pb_text _builder_version=&#8221;3.0.94&#8243; saved_tabs=&#8221;all&#8221;]<\/p>\n<h3><strong>CARACTERIZA\u00c7\u00c3O DO PROJETO<\/strong><\/h3>\n<p>[\/et_pb_text][et_pb_text _builder_version=&#8221;3.0.94&#8243; background_layout=&#8221;light&#8221;]<\/p>\n<p style=\"text-align: justify;\">O Projeto RADIS-UFV \u00e9 uma iniciativa do INCRA em parceria com a Universidade Federal de Vi\u00e7osa (UFV) que visa a regulariza\u00e7\u00e3o ambiental de 85 assentamentos rurais, com cerca de 9.400 (nove mil e quatrocentas) fam\u00edlias, com seus lotes inscritos no Sistema\u00a0 Nacional de Cadastro Ambiental Rural &#8211; SICAR. Estes assentamentos encontram-se nos Estados do Par\u00e1, Pernambuco, Alagoas, Goi\u00e1s, Mato Grosso, Mato Grosso do Sul, Minas Gerais e S\u00e3o Paulo.<\/p>\n<p style=\"text-align: justify;\">O projeto tem como <strong>objetivos espec\u00edficos<\/strong>:<\/p>\n<ul>\n<li style=\"text-align: justify;\">levantamento de informa\u00e7\u00f5es socioambientais para subsidiar a inscri\u00e7\u00e3o dos lotes e assentamentos no Cadastro Ambiental Rural (CAR),<\/li>\n<li style=\"text-align: justify;\">avalia\u00e7\u00e3o dos sistemas de produ\u00e7\u00e3o existentes por meio da aplica\u00e7\u00e3o do diagn\u00f3stico de sistemas agr\u00e1rios, possibilitando informa\u00e7\u00f5es para an\u00e1lise da realidade existente e projetando o fortalecimento da base produtiva.<\/li>\n<li style=\"text-align: justify;\">buscar informa\u00e7\u00f5es dos ocupantes dos lotes para subsidiar uma poss\u00edvel revis\u00e3o ocupacional por parte do INCRA,<\/li>\n<li style=\"text-align: justify;\">realizar pesquisas acad\u00eamicas com os dados levantados no diagn\u00f3stico dos sistemas agr\u00e1rios dos assentamentos para a publica\u00e7\u00e3o cient\u00edfica e<\/li>\n<li style=\"text-align: justify;\">fazer levantamento e diagn\u00f3stico da demanda do acesso \u00e0s pol\u00edticas de desenvolvimento de assentamentos, em especial de Cr\u00e9dito de Instala\u00e7\u00e3o do INCRA.<\/li>\n<\/ul>\n<p style=\"text-align: justify;\">As a\u00e7\u00f5es a serem desenvolvidas possuem quatro eixos de trabalho e por meio de di\u00e1logo direto com os agricultores familiares, ser\u00e3o fornecidas informa\u00e7\u00f5es para que conhe\u00e7am e reflitam sobre o desenvolvimento econ\u00f4mico compat\u00edvel com preserva\u00e7\u00e3o ambiental, podendo decidir de forma consciente sobre a ado\u00e7\u00e3o de uma nova forma de explora\u00e7\u00e3o dos recursos para sustenta\u00e7\u00e3o de suas fam\u00edlias, produzindo de maneira economicamente sustent\u00e1vel, socialmente justa e ambientalmente correta.<\/p>\n<p>[\/et_pb_text][\/et_pb_column][et_pb_column type=&#8221;1_3&#8243;][et_pb_image _builder_version=&#8221;3.0.94&#8243; src=&#8221;https:\/\/www.radisufv.com.br\/site\/wp-content\/uploads\/2018\/11\/WhatsApp-Image-2018-10-03-at-10.52.261.jpeg&#8221; show_in_lightbox=&#8221;off&#8221; url_new_window=&#8221;off&#8221; use_overlay=&#8221;off&#8221; always_center_on_mobile=&#8221;on&#8221; force_fullwidth=&#8221;off&#8221; show_bottom_space=&#8221;on&#8221; \/][et_pb_text _builder_version=&#8221;3.0.94&#8243; background_layout=&#8221;light&#8221; \/][et_pb_image _builder_version=&#8221;3.0.94&#8243; src=&#8221;https:\/\/www.radisufv.com.br\/site\/wp-content\/uploads\/2018\/09\/5.jpg&#8221; show_in_lightbox=&#8221;off&#8221; url_new_window=&#8221;off&#8221; use_overlay=&#8221;off&#8221; always_center_on_mobile=&#8221;on&#8221; force_fullwidth=&#8221;off&#8221; show_bottom_space=&#8221;on&#8221; \/][et_pb_image _builder_version=&#8221;3.0.94&#8243; src=&#8221;https:\/\/www.radisufv.com.br\/site\/wp-content\/uploads\/2018\/12\/WhatsApp-Image-2018-10-03-at-11.01.27.jpeg&#8221; show_in_lightbox=&#8221;off&#8221; url_new_window=&#8221;off&#8221; use_overlay=&#8221;off&#8221; always_center_on_mobile=&#8221;on&#8221; force_fullwidth=&#8221;off&#8221; show_bottom_space=&#8221;on&#8221; \/][\/et_pb_column][\/et_pb_row][et_pb_row _builder_version=&#8221;3.0.94&#8243;][et_pb_column type=&#8221;1_2&#8243;][et_pb_accordion _builder_version=&#8221;3.0.94&#8243;][et_pb_accordion_item title=&#8221;EIXO AMBIENTAL&#8221; _builder_version=&#8221;3.0.94&#8243; open=&#8221;on&#8221; use_background_color_gradient=&#8221;off&#8221; background_color_gradient_start=&#8221;#2b87da&#8221; background_color_gradient_end=&#8221;#29c4a9&#8243; background_color_gradient_type=&#8221;linear&#8221; background_color_gradient_direction=&#8221;180deg&#8221; background_color_gradient_direction_radial=&#8221;center&#8221; background_color_gradient_start_position=&#8221;0%&#8221; background_color_gradient_end_position=&#8221;100%&#8221; background_color_gradient_overlays_image=&#8221;off&#8221; parallax=&#8221;off&#8221; parallax_method=&#8221;on&#8221; background_size=&#8221;cover&#8221; background_position=&#8221;center&#8221; background_repeat=&#8221;no-repeat&#8221; background_blend=&#8221;normal&#8221; allow_player_pause=&#8221;off&#8221;]<\/p>\n<p>&nbsp;<\/p>\n<p><img decoding=\"async\" loading=\"lazy\" class=\"alignnone wp-image-52808 size-thumbnail\" style=\"display: block; margin-left: auto; margin-right: auto;\" src=\"..\/wp-content\/uploads\/2018\/08\/005-nature-150x150.png\" alt=\"\" width=\"150\" height=\"150\" srcset=\"https:\/\/www.radisufv.com.br\/site\/wp-content\/uploads\/2018\/08\/005-nature-150x150.png 150w, https:\/\/www.radisufv.com.br\/site\/wp-content\/uploads\/2018\/08\/005-nature.png 256w\" sizes=\"(max-width: 150px) 100vw, 150px\" \/><\/p>\n<p style=\"text-align: justify;\">Levantamento de informa\u00e7\u00f5es socioambientais para subsidiar a inscri\u00e7\u00e3o dos lotes e benefici\u00e1rios no Cadastro Ambiental Rural (CAR), com objetivo de apoiar a regulariza\u00e7\u00e3o ambiental dos assentamentos participantes do projeto, por meio da identifica\u00e7\u00e3o das \u00e1reas de preserva\u00e7\u00e3o permanentes e reserva legal degradadas a serem recuperadas.<\/p>\n<p style=\"text-align: justify;\">A partir dessa identifica\u00e7\u00e3o, elaborar uma proposta simplificada visando a recomposi\u00e7\u00e3o, recupera\u00e7\u00e3o, regenera\u00e7\u00e3o ou compensa\u00e7\u00e3o das \u00e1reas, proporcionando acompanhamento t\u00e9cnico \u00e0 recupera\u00e7\u00e3o das \u00e1reas, conforme o Decreto n. 8235\/2014.<\/p>\n<p>[\/et_pb_accordion_item][\/et_pb_accordion][\/et_pb_column][et_pb_column type=&#8221;1_2&#8243;][et_pb_accordion _builder_version=&#8221;3.0.94&#8243;][et_pb_accordion_item title=&#8221;EIXO S\u00d3CIO-ECON\u00d4MICO&#8221; _builder_version=&#8221;3.0.94&#8243; open=&#8221;on&#8221; use_background_color_gradient=&#8221;off&#8221; background_color_gradient_start=&#8221;#2b87da&#8221; background_color_gradient_end=&#8221;#29c4a9&#8243; background_color_gradient_type=&#8221;linear&#8221; background_color_gradient_direction=&#8221;180deg&#8221; background_color_gradient_direction_radial=&#8221;center&#8221; background_color_gradient_start_position=&#8221;0%&#8221; background_color_gradient_end_position=&#8221;100%&#8221; background_color_gradient_overlays_image=&#8221;off&#8221; parallax=&#8221;off&#8221; parallax_method=&#8221;on&#8221; background_size=&#8221;cover&#8221; background_position=&#8221;center&#8221; background_repeat=&#8221;no-repeat&#8221; background_blend=&#8221;normal&#8221; allow_player_pause=&#8221;off&#8221;]<\/p>\n<p>&nbsp;<\/p>\n<p><img decoding=\"async\" loading=\"lazy\" class=\"alignnone wp-image-52807 size-thumbnail\" style=\"display: block; margin-left: auto; margin-right: auto;\" src=\"..\/wp-content\/uploads\/2018\/08\/004-farm-150x150.png\" alt=\"\" width=\"150\" height=\"150\" srcset=\"https:\/\/www.radisufv.com.br\/site\/wp-content\/uploads\/2018\/08\/004-farm-150x150.png 150w, https:\/\/www.radisufv.com.br\/site\/wp-content\/uploads\/2018\/08\/004-farm.png 256w\" sizes=\"(max-width: 150px) 100vw, 150px\" \/><\/p>\n<p style=\"text-align: justify;\">Implanta\u00e7\u00e3o de diagn\u00f3stico de sistemas agr\u00e1rios, com a an\u00e1lise dos resultados obtidos para a composi\u00e7\u00e3o de propostas de reestrutura\u00e7\u00e3o dos arranjos produtivos por meio da otimiza\u00e7\u00e3o dos sistemas encontrados. Estabelecimento de unidades demonstrativas para sensibiliza\u00e7\u00e3o e orienta\u00e7\u00e3o dos agricultores familiares. Al\u00e9m de fornecimento de informa\u00e7\u00f5es para a cria\u00e7\u00e3o de pol\u00edticas p\u00fablicas municipal, estadual e federal.<\/p>\n<p>[\/et_pb_accordion_item][\/et_pb_accordion][\/et_pb_column][\/et_pb_row][et_pb_row _builder_version=&#8221;3.0.94&#8243;][et_pb_column type=&#8221;1_2&#8243;][et_pb_accordion _builder_version=&#8221;3.0.94&#8243;][et_pb_accordion_item title=&#8221;EIXO DE PESQUISA ACAD\u00caMICA&#8221; _builder_version=&#8221;3.0.94&#8243; open=&#8221;on&#8221; use_background_color_gradient=&#8221;off&#8221; background_color_gradient_start=&#8221;#2b87da&#8221; background_color_gradient_end=&#8221;#29c4a9&#8243; background_color_gradient_type=&#8221;linear&#8221; background_color_gradient_direction=&#8221;180deg&#8221; background_color_gradient_direction_radial=&#8221;center&#8221; background_color_gradient_start_position=&#8221;0%&#8221; background_color_gradient_end_position=&#8221;100%&#8221; background_color_gradient_overlays_image=&#8221;off&#8221; parallax=&#8221;off&#8221; parallax_method=&#8221;on&#8221; background_size=&#8221;cover&#8221; background_position=&#8221;center&#8221; background_repeat=&#8221;no-repeat&#8221; background_blend=&#8221;normal&#8221; allow_player_pause=&#8221;off&#8221;]<\/p>\n<p>&nbsp;<\/p>\n<p><img decoding=\"async\" loading=\"lazy\" class=\"alignnone wp-image-52806 size-thumbnail\" style=\"display: block; margin-left: auto; margin-right: auto;\" src=\"..\/wp-content\/uploads\/2018\/08\/003-analytics-150x150.png\" alt=\"\" width=\"150\" height=\"150\" srcset=\"https:\/\/www.radisufv.com.br\/site\/wp-content\/uploads\/2018\/08\/003-analytics-150x150.png 150w, https:\/\/www.radisufv.com.br\/site\/wp-content\/uploads\/2018\/08\/003-analytics.png 256w\" sizes=\"(max-width: 150px) 100vw, 150px\" \/><\/p>\n<p style=\"text-align: justify;\">Com o uso das informa\u00e7\u00f5es colhidas por meio dos diagn\u00f3sticos dos sistemas agr\u00e1rios dos assentamentos, identificar demandas sociais, ambientais e culturais, voltado para as pesquisas acad\u00eamicas em diversas \u00e1reas do conhecimento. Sendo a pesquisa, feita em conson\u00e2ncia com as informa\u00e7\u00f5es colhidas nos diagn\u00f3sticos, um subs\u00eddio para a busca de solu\u00e7\u00f5es para os assentados em diversas \u00e1reas do pa\u00eds, de modo a fortalecer a cultura de preserva\u00e7\u00e3o e\/ou conserva\u00e7\u00e3o ambiental, enfatizando o modelo agroecol\u00f3gico para produ\u00e7\u00e3o e desenvolvimento dos assentamentos.<\/p>\n<p>[\/et_pb_accordion_item][\/et_pb_accordion][\/et_pb_column][et_pb_column type=&#8221;1_2&#8243;][et_pb_accordion _builder_version=&#8221;3.0.94&#8243;][et_pb_accordion_item title=&#8221;EIXO DE POL\u00cdTICAS P\u00daBLICAS&#8221; _builder_version=&#8221;3.0.94&#8243; open=&#8221;on&#8221; icon_color=&#8221;#ffffff&#8221; use_background_color_gradient=&#8221;off&#8221; background_color_gradient_start=&#8221;#2b87da&#8221; background_color_gradient_end=&#8221;#29c4a9&#8243; background_color_gradient_type=&#8221;linear&#8221; background_color_gradient_direction=&#8221;180deg&#8221; background_color_gradient_direction_radial=&#8221;center&#8221; background_color_gradient_start_position=&#8221;0%&#8221; background_color_gradient_end_position=&#8221;100%&#8221; background_color_gradient_overlays_image=&#8221;off&#8221; parallax=&#8221;off&#8221; parallax_method=&#8221;on&#8221; background_size=&#8221;cover&#8221; background_position=&#8221;center&#8221; background_repeat=&#8221;no-repeat&#8221; background_blend=&#8221;normal&#8221; allow_player_pause=&#8221;off&#8221;]<\/p>\n<p>&nbsp;<\/p>\n<p><img decoding=\"async\" loading=\"lazy\" class=\"alignnone wp-image-52804 size-thumbnail\" style=\"display: block; margin-left: auto; margin-right: auto;\" src=\"..\/wp-content\/uploads\/2018\/08\/002-capitol-150x150.png\" alt=\"\" width=\"150\" height=\"150\" srcset=\"https:\/\/www.radisufv.com.br\/site\/wp-content\/uploads\/2018\/08\/002-capitol-150x150.png 150w, https:\/\/www.radisufv.com.br\/site\/wp-content\/uploads\/2018\/08\/002-capitol.png 256w\" sizes=\"(max-width: 150px) 100vw, 150px\" \/><\/p>\n<p style=\"text-align: justify;\">Fazer diagn\u00f3stico e levantamento da demanda do acesso \u00e0s pol\u00edticas de desenvolvimento de assentamentos, em especial de Cr\u00e9dito de Instala\u00e7\u00e3o do INCRA, credenciado junto ao INCRA, conforme as normativas da institui\u00e7\u00e3o e a elabora\u00e7\u00e3o dos projetos com \u00eanfase na an\u00e1lise dos sistemas agr\u00e1rios, para a aplica\u00e7\u00e3o dos cr\u00e9ditos no desenvolvimento das fam\u00edlias assentadas.<\/p>\n<p>[\/et_pb_accordion_item][\/et_pb_accordion][\/et_pb_column][\/et_pb_row][et_pb_row][et_pb_column type=&#8221;4_4&#8243;][et_pb_button admin_label=&#8221;Bot\u00e3o VOLTAR&#8221; button_url=&#8221;http:\/\/radisufv.com.br&#8221; button_text=&#8221;VOLTAR \u00c0 P\u00c1GINA INICIAL&#8221; button_alignment=&#8221;right&#8221; _builder_version=&#8221;3.0.94&#8243; custom_button=&#8221;on&#8221; button_text_size=&#8221;14&#8243; button_icon=&#8221;%%102%%&#8221; url_new_window=&#8221;off&#8221; background_layout=&#8221;light&#8221; button_icon_placement=&#8221;right&#8221;]<br \/>\n[\/et_pb_button][\/et_pb_column][\/et_pb_row][\/et_pb_section]<\/p>\n","protected":false},"excerpt":{"rendered":"<p>[et_pb_section bb_built=&#8221;1&#8243; _builder_version=&#8221;3.0.47&#8243;][et_pb_row _builder_version=&#8221;3.0.47&#8243; background_size=&#8221;initial&#8221; background_position=&#8221;top_left&#8221; background_repeat=&#8221;repeat&#8221;][et_pb_column type=&#8221;2_3&#8243;][et_pb_text _builder_version=&#8221;3.0.94&#8243; saved_tabs=&#8221;all&#8221;] CARACTERIZA\u00c7\u00c3O DO PROJETO [\/et_pb_text][et_pb_text _builder_version=&#8221;3.0.94&#8243; background_layout=&#8221;light&#8221;] O Projeto RADIS-UFV \u00e9 uma iniciativa do INCRA em parceria com a Universidade Federal de Vi\u00e7osa (UFV) que visa a regulariza\u00e7\u00e3o ambiental de 85 assentamentos rurais, com cerca de 9.400 (nove mil e quatrocentas) fam\u00edlias, com seus lotes inscritos [&hellip;]<\/p>\n","protected":false},"author":1,"featured_media":0,"parent":0,"menu_order":0,"comment_status":"closed","ping_status":"closed","template":"","meta":[],"_links":{"self":[{"href":"https:\/\/www.radisufv.com.br\/site\/wp-json\/wp\/v2\/pages\/51808"}],"collection":[{"href":"https:\/\/www.radisufv.com.br\/site\/wp-json\/wp\/v2\/pages"}],"about":[{"href":"https:\/\/www.radisufv.com.br\/site\/wp-json\/wp\/v2\/types\/page"}],"author":[{"embeddable":true,"href":"https:\/\/www.radisufv.com.br\/site\/wp-json\/wp\/v2\/users\/1"}],"replies":[{"embeddable":true,"href":"https:\/\/www.radisufv.com.br\/site\/wp-json\/wp\/v2\/comments?post=51808"}],"version-history":[{"count":16,"href":"https:\/\/www.radisufv.com.br\/site\/wp-json\/wp\/v2\/pages\/51808\/revisions"}],"predecessor-version":[{"id":53603,"href":"https:\/\/www.radisufv.com.br\/site\/wp-json\/wp\/v2\/pages\/51808\/revisions\/53603"}],"wp:attachment":[{"href":"https:\/\/www.radisufv.com.br\/site\/wp-json\/wp\/v2\/media?parent=51808"}],"curies":[{"name":"wp","href":"https:\/\/api.w.org\/{rel}","templated":true}]}}