{"id":51967,"date":"2018-01-18T18:08:03","date_gmt":"2018-01-18T20:08:03","guid":{"rendered":"http:\/\/rapatra.com.br\/site\/?page_id=51967"},"modified":"2018-10-11T10:24:51","modified_gmt":"2018-10-11T13:24:51","slug":"artigos","status":"publish","type":"page","link":"https:\/\/www.radisufv.com.br\/site\/biblioteca\/artigos\/","title":{"rendered":"Publica\u00e7\u00f5es"},"content":{"rendered":"<p>[et_pb_section bb_built=&#8221;1&#8243; _builder_version=&#8221;3.0.47&#8243;][et_pb_row _builder_version=&#8221;3.0.47&#8243; background_size=&#8221;initial&#8221; background_position=&#8221;top_left&#8221; background_repeat=&#8221;repeat&#8221; custom_padding=&#8221;27px|0px|4px|0px&#8221;][et_pb_column type=&#8221;4_4&#8243;][et_pb_text _builder_version=&#8221;3.0.94&#8243;] <strong>FOLDERS<\/strong> [Folha A4, horizontal, dobr\u00e1vel em 3 partes] [\/et_pb_text][\/et_pb_column][\/et_pb_row][et_pb_row _builder_version=&#8221;3.0.94&#8243; background_size=&#8221;initial&#8221; background_position=&#8221;top_left&#8221; background_repeat=&#8221;repeat&#8221; border_width_bottom=&#8221;2px&#8221;][et_pb_column type=&#8221;1_4&#8243;][et_pb_button button_url=&#8221;https:\/\/www.radisufv.com.br\/site\/wp-content\/uploads\/2018\/10\/folder_producao_sustentavel-aprov-compressed.pdf&#8221; url_new_window=&#8221;on&#8221; button_text=&#8221;Projeto RADIS-UFV: Folder Produ\u00e7\u00e3o Sustent\u00e1vel&#8221; _builder_version=&#8221;3.0.94&#8243; custom_button=&#8221;on&#8221; button_text_size=&#8221;14&#8243; \/][\/et_pb_column][et_pb_column type=&#8221;1_4&#8243;][et_pb_button button_url=&#8221;https:\/\/www.radisufv.com.br\/site\/wp-content\/uploads\/2018\/10\/folder_tecnico-aprov-ilovepdf-compressed-1-1.pdf&#8221; url_new_window=&#8221;on&#8221; button_text=&#8221;Projeto RADIS-UFV: Folder T\u00e9cnico &#8221; _builder_version=&#8221;3.0.94&#8243; custom_button=&#8221;on&#8221; button_text_size=&#8221;14&#8243; \/][\/et_pb_column][et_pb_column type=&#8221;1_4&#8243;][et_pb_button button_url=&#8221;https:\/\/www.radisufv.com.br\/site\/wp-content\/uploads\/2018\/10\/folder_institucional-aprov-compressed.pdf&#8221; url_new_window=&#8221;on&#8221; button_text=&#8221;Projeto RADIS-UFV: Folder Institucional &#8221; _builder_version=&#8221;3.0.94&#8243; custom_button=&#8221;on&#8221; button_text_size=&#8221;15&#8243; \/][\/et_pb_column][et_pb_column type=&#8221;1_4&#8243;][\/et_pb_column][\/et_pb_row][et_pb_row _builder_version=&#8221;3.0.47&#8243; background_size=&#8221;initial&#8221; background_position=&#8221;top_left&#8221; background_repeat=&#8221;repeat&#8221; custom_padding=&#8221;27px|0px|4px|0px&#8221;][et_pb_column type=&#8221;4_4&#8243;][et_pb_text _builder_version=&#8221;3.0.94&#8243;] <strong>CARTAZES<\/strong> Folha A2, vertical. [\/et_pb_text][\/et_pb_column][\/et_pb_row][et_pb_row _builder_version=&#8221;3.0.47&#8243; background_size=&#8221;initial&#8221; background_position=&#8221;top_left&#8221; background_repeat=&#8221;repeat&#8221;][et_pb_column type=&#8221;1_4&#8243;][et_pb_button button_url=&#8221;https:\/\/www.radisufv.com.br\/site\/wp-content\/uploads\/2018\/10\/cartaz_producao-aprov-ilovepdf-compressed.pdf&#8221; url_new_window=&#8221;on&#8221; button_text=&#8221;Projeto RADIS-UFV: Cartaz Produ\u00e7\u00e3o Sustent\u00e1vel&#8221; _builder_version=&#8221;3.0.94&#8243; custom_button=&#8221;on&#8221; button_text_size=&#8221;14&#8243; \/][\/et_pb_column][et_pb_column type=&#8221;1_4&#8243;][et_pb_button button_url=&#8221;https:\/\/www.radisufv.com.br\/site\/wp-content\/uploads\/2018\/10\/cartaz_tecnico-aprov-ilovepdf-compressed.pdf&#8221; url_new_window=&#8221;on&#8221; button_text=&#8221;Projeto RADIS-UFV: Cartaz T\u00e9cnico&#8221; _builder_version=&#8221;3.0.94&#8243; custom_button=&#8221;on&#8221; button_text_size=&#8221;14&#8243; \/][\/et_pb_column][et_pb_column type=&#8221;1_4&#8243;][et_pb_button button_url=&#8221;https:\/\/www.radisufv.com.br\/site\/wp-content\/uploads\/2018\/10\/cartaz_institucional-aprov-ilovepdf-compressed.pdf&#8221; url_new_window=&#8221;on&#8221; button_text=&#8221;Projeto RADIS-UFV: Cartaz Institucional&#8221; _builder_version=&#8221;3.0.94&#8243; custom_button=&#8221;on&#8221; button_text_size=&#8221;14&#8243; \/][\/et_pb_column][et_pb_column type=&#8221;1_4&#8243;][\/et_pb_column][\/et_pb_row][\/et_pb_section]<\/p>\n","protected":false},"excerpt":{"rendered":"<p>[et_pb_section bb_built=&#8221;1&#8243; _builder_version=&#8221;3.0.47&#8243;][et_pb_row _builder_version=&#8221;3.0.47&#8243; background_size=&#8221;initial&#8221; background_position=&#8221;top_left&#8221; background_repeat=&#8221;repeat&#8221; custom_padding=&#8221;27px|0px|4px|0px&#8221;][et_pb_column type=&#8221;4_4&#8243;][et_pb_text _builder_version=&#8221;3.0.94&#8243;] FOLDERS [Folha A4, horizontal, dobr\u00e1vel em 3 partes] [\/et_pb_text][\/et_pb_column][\/et_pb_row][et_pb_row _builder_version=&#8221;3.0.94&#8243; background_size=&#8221;initial&#8221; background_position=&#8221;top_left&#8221; background_repeat=&#8221;repeat&#8221; border_width_bottom=&#8221;2px&#8221;][et_pb_column type=&#8221;1_4&#8243;][et_pb_button button_url=&#8221;https:\/\/www.radisufv.com.br\/site\/wp-content\/uploads\/2018\/10\/folder_producao_sustentavel-aprov-compressed.pdf&#8221; url_new_window=&#8221;on&#8221; button_text=&#8221;Projeto RADIS-UFV: Folder Produ\u00e7\u00e3o Sustent\u00e1vel&#8221; _builder_version=&#8221;3.0.94&#8243; custom_button=&#8221;on&#8221; button_text_size=&#8221;14&#8243; \/][\/et_pb_column][et_pb_column type=&#8221;1_4&#8243;][et_pb_button button_url=&#8221;https:\/\/www.radisufv.com.br\/site\/wp-content\/uploads\/2018\/10\/folder_tecnico-aprov-ilovepdf-compressed-1-1.pdf&#8221; url_new_window=&#8221;on&#8221; button_text=&#8221;Projeto RADIS-UFV: Folder T\u00e9cnico &#8221; _builder_version=&#8221;3.0.94&#8243; custom_button=&#8221;on&#8221; button_text_size=&#8221;14&#8243; \/][\/et_pb_column][et_pb_column type=&#8221;1_4&#8243;][et_pb_button button_url=&#8221;https:\/\/www.radisufv.com.br\/site\/wp-content\/uploads\/2018\/10\/folder_institucional-aprov-compressed.pdf&#8221; url_new_window=&#8221;on&#8221; button_text=&#8221;Projeto RADIS-UFV: Folder Institucional [&hellip;]<\/p>\n","protected":false},"author":1,"featured_media":0,"parent":51812,"menu_order":0,"comment_status":"closed","ping_status":"closed","template":"","meta":[],"_links":{"self":[{"href":"https:\/\/www.radisufv.com.br\/site\/wp-json\/wp\/v2\/pages\/51967"}],"collection":[{"href":"https:\/\/www.radisufv.com.br\/site\/wp-json\/wp\/v2\/pages"}],"about":[{"href":"https:\/\/www.radisufv.com.br\/site\/wp-json\/wp\/v2\/types\/page"}],"author":[{"embeddable":true,"href":"https:\/\/www.radisufv.com.br\/site\/wp-json\/wp\/v2\/users\/1"}],"replies":[{"embeddable":true,"href":"https:\/\/www.radisufv.com.br\/site\/wp-json\/wp\/v2\/comments?post=51967"}],"version-history":[{"count":9,"href":"https:\/\/www.radisufv.com.br\/site\/wp-json\/wp\/v2\/pages\/51967\/revisions"}],"predecessor-version":[{"id":53274,"href":"https:\/\/www.radisufv.com.br\/site\/wp-json\/wp\/v2\/pages\/51967\/revisions\/53274"}],"up":[{"embeddable":true,"href":"https:\/\/www.radisufv.com.br\/site\/wp-json\/wp\/v2\/pages\/51812"}],"wp:attachment":[{"href":"https:\/\/www.radisufv.com.br\/site\/wp-json\/wp\/v2\/media?parent=51967"}],"curies":[{"name":"wp","href":"https:\/\/api.w.org\/{rel}","templated":true}]}}