{"id":51969,"date":"2018-01-18T18:17:52","date_gmt":"2018-01-18T20:17:52","guid":{"rendered":"http:\/\/rapatra.com.br\/site\/?page_id=51969"},"modified":"2018-10-22T09:38:38","modified_gmt":"2018-10-22T12:38:38","slug":"agenda","status":"publish","type":"page","link":"https:\/\/www.radisufv.com.br\/site\/biblioteca\/agenda\/","title":{"rendered":"Agenda"},"content":{"rendered":"<p>[et_pb_section bb_built=&#8221;1&#8243; _builder_version=&#8221;3.0.94&#8243;][et_pb_row _builder_version=&#8221;3.0.94&#8243;][et_pb_column type=&#8221;4_4&#8243;][et_pb_text _builder_version=&#8221;3.0.94&#8243; text_font=&#8221;||||||||&#8221; text_font_size=&#8221;30px&#8221;]<\/p>\n<p style=\"text-align: center;\"><strong>AGENDA<\/strong><\/p>\n<p>[\/et_pb_text][\/et_pb_column][\/et_pb_row][et_pb_row custom_padding=&#8221;27px|0px|27px|0px&#8221; _builder_version=&#8221;3.0.94&#8243; background_size=&#8221;initial&#8221; background_position=&#8221;top_left&#8221; background_repeat=&#8221;repeat&#8221; border_width_bottom=&#8221;2px&#8221;][et_pb_column type=&#8221;1_3&#8243;][et_pb_cta title=&#8221;Capacita\u00e7\u00e3o de T\u00e9cnicos em Campo\/MT&#8221; url_new_window=&#8221;on&#8221; button_text=&#8221;Ver programa\u00e7\u00e3o&#8221; background_color=&#8221;#429361&#8243; _builder_version=&#8221;3.0.94&#8243; custom_button=&#8221;on&#8221; button_text_size=&#8221;13px&#8221; use_background_color=&#8221;on&#8221; background_layout=&#8221;dark&#8221; button_icon_placement=&#8221;right&#8221; button_url=&#8221;https:\/\/www.radisufv.com.br\/site\/wp-content\/uploads\/2018\/10\/Programa\u00e7\u00e3o-Rondon\u00f3polis1.pdf&#8221;]<\/p>\n<p>22 a 24 de Outubro de 2018 Rondon\u00f3polis\/MT<\/p>\n<p>[\/et_pb_cta][\/et_pb_column][et_pb_column type=&#8221;1_3&#8243;][et_pb_cta title=&#8221;Capacita\u00e7\u00e3o de T\u00e9cnicos em Campo\/AL&#8221; button_url=&#8221;https:\/\/www.radisufv.com.br\/site\/wp-content\/uploads\/2018\/10\/Programa\u00e7\u00e3o-Maragogi.pdf&#8221; url_new_window=&#8221;on&#8221; button_text=&#8221;Ver programa\u00e7\u00e3o&#8221; background_color=&#8221;#429361&#8243; _builder_version=&#8221;3.0.94&#8243; custom_button=&#8221;on&#8221; button_text_size=&#8221;13px&#8221;]<\/p>\n<p>1 a 4 de Outubro de 2018 Maragogi\/AL<\/p>\n<p>[\/et_pb_cta][\/et_pb_column][et_pb_column type=&#8221;1_3&#8243;][\/et_pb_column][\/et_pb_row][\/et_pb_section]<\/p>\n","protected":false},"excerpt":{"rendered":"<p>[et_pb_section bb_built=&#8221;1&#8243; _builder_version=&#8221;3.0.94&#8243;][et_pb_row _builder_version=&#8221;3.0.94&#8243;][et_pb_column type=&#8221;4_4&#8243;][et_pb_text _builder_version=&#8221;3.0.94&#8243; text_font=&#8221;||||||||&#8221; text_font_size=&#8221;30px&#8221;] AGENDA [\/et_pb_text][\/et_pb_column][\/et_pb_row][et_pb_row custom_padding=&#8221;27px|0px|27px|0px&#8221; _builder_version=&#8221;3.0.94&#8243; background_size=&#8221;initial&#8221; background_position=&#8221;top_left&#8221; background_repeat=&#8221;repeat&#8221; border_width_bottom=&#8221;2px&#8221;][et_pb_column type=&#8221;1_3&#8243;][et_pb_cta title=&#8221;Capacita\u00e7\u00e3o de T\u00e9cnicos em Campo\/MT&#8221; url_new_window=&#8221;on&#8221; button_text=&#8221;Ver programa\u00e7\u00e3o&#8221; background_color=&#8221;#429361&#8243; _builder_version=&#8221;3.0.94&#8243; custom_button=&#8221;on&#8221; button_text_size=&#8221;13px&#8221; use_background_color=&#8221;on&#8221; background_layout=&#8221;dark&#8221; button_icon_placement=&#8221;right&#8221; button_url=&#8221;https:\/\/www.radisufv.com.br\/site\/wp-content\/uploads\/2018\/10\/Programa\u00e7\u00e3o-Rondon\u00f3polis1.pdf&#8221;] 22 a 24 de Outubro de 2018 Rondon\u00f3polis\/MT [\/et_pb_cta][\/et_pb_column][et_pb_column type=&#8221;1_3&#8243;][et_pb_cta title=&#8221;Capacita\u00e7\u00e3o de T\u00e9cnicos em Campo\/AL&#8221; button_url=&#8221;https:\/\/www.radisufv.com.br\/site\/wp-content\/uploads\/2018\/10\/Programa\u00e7\u00e3o-Maragogi.pdf&#8221; url_new_window=&#8221;on&#8221; button_text=&#8221;Ver programa\u00e7\u00e3o&#8221; background_color=&#8221;#429361&#8243; _builder_version=&#8221;3.0.94&#8243; custom_button=&#8221;on&#8221; [&hellip;]<\/p>\n","protected":false},"author":1,"featured_media":0,"parent":51812,"menu_order":0,"comment_status":"closed","ping_status":"closed","template":"","meta":[],"_links":{"self":[{"href":"https:\/\/www.radisufv.com.br\/site\/wp-json\/wp\/v2\/pages\/51969"}],"collection":[{"href":"https:\/\/www.radisufv.com.br\/site\/wp-json\/wp\/v2\/pages"}],"about":[{"href":"https:\/\/www.radisufv.com.br\/site\/wp-json\/wp\/v2\/types\/page"}],"author":[{"embeddable":true,"href":"https:\/\/www.radisufv.com.br\/site\/wp-json\/wp\/v2\/users\/1"}],"replies":[{"embeddable":true,"href":"https:\/\/www.radisufv.com.br\/site\/wp-json\/wp\/v2\/comments?post=51969"}],"version-history":[{"count":37,"href":"https:\/\/www.radisufv.com.br\/site\/wp-json\/wp\/v2\/pages\/51969\/revisions"}],"predecessor-version":[{"id":53186,"href":"https:\/\/www.radisufv.com.br\/site\/wp-json\/wp\/v2\/pages\/51969\/revisions\/53186"}],"up":[{"embeddable":true,"href":"https:\/\/www.radisufv.com.br\/site\/wp-json\/wp\/v2\/pages\/51812"}],"wp:attachment":[{"href":"https:\/\/www.radisufv.com.br\/site\/wp-json\/wp\/v2\/media?parent=51969"}],"curies":[{"name":"wp","href":"https:\/\/api.w.org\/{rel}","templated":true}]}}