{"id":51982,"date":"2018-01-19T10:01:13","date_gmt":"2018-01-19T12:01:13","guid":{"rendered":"http:\/\/rapatra.com.br\/site\/?page_id=51982"},"modified":"2019-03-01T10:43:12","modified_gmt":"2019-03-01T13:43:12","slug":"noticias-2","status":"publish","type":"page","link":"https:\/\/www.radisufv.com.br\/site\/biblioteca\/noticias-2\/","title":{"rendered":"Not\u00edcias"},"content":{"rendered":"<p>[et_pb_section bb_built=&#8221;1&#8243; admin_label=&#8221;section&#8221; _builder_version=&#8221;3.0.47&#8243;][et_pb_row][et_pb_column type=&#8221;4_4&#8243;][et_pb_text _builder_version=&#8221;3.0.94&#8243; background_layout=&#8221;light&#8221;]<\/p>\n<h4>MAR\u00c7O \/ 2019<\/h4>\n<p>[\/et_pb_text][\/et_pb_column][\/et_pb_row][et_pb_row admin_label=&#8221;row&#8221; _builder_version=&#8221;3.0.94&#8243; background_size=&#8221;initial&#8221; background_position=&#8221;top_left&#8221; background_repeat=&#8221;repeat&#8221;][et_pb_column type=&#8221;1_3&#8243;][et_pb_blurb _builder_version=&#8221;3.0.94&#8243; title=&#8221;01 de mar\u00e7o &#8211; Produtor rural conta com servi\u00e7os profissionalizantes do SENAR&#8221; url_new_window=&#8221;on&#8221; use_icon=&#8221;off&#8221; use_circle=&#8221;off&#8221; use_circle_border=&#8221;off&#8221; icon_placement=&#8221;top&#8221; use_icon_font_size=&#8221;off&#8221; background_layout=&#8221;light&#8221; url=&#8221;https:\/\/www.radisufv.com.br\/site\/produtor-rural-conta-com-servicos-profissionalizantes-do-senar\/&#8221; image=&#8221;https:\/\/www.radisufv.com.br\/site\/wp-content\/uploads\/2019\/03\/01-03-SENAR.jpg&#8221;]<\/p>\n<p>Criado pela Lei n\u00ba 8.315 de 1991, a entidade integra o chamado Sistema S.<\/p>\n<p>[\/et_pb_blurb][\/et_pb_column][et_pb_column type=&#8221;1_3&#8243;][\/et_pb_column][et_pb_column type=&#8221;1_3&#8243;][\/et_pb_column][\/et_pb_row][et_pb_row][et_pb_column type=&#8221;4_4&#8243;][et_pb_text _builder_version=&#8221;3.0.94&#8243; background_layout=&#8221;light&#8221;]<\/p>\n<h4>FEVEREIRO \/ 2019<\/h4>\n<p>[\/et_pb_text][\/et_pb_column][\/et_pb_row][et_pb_row admin_label=&#8221;row&#8221; _builder_version=&#8221;3.0.94&#8243; background_size=&#8221;initial&#8221; background_position=&#8221;top_left&#8221; background_repeat=&#8221;repeat&#8221;][et_pb_column type=&#8221;1_3&#8243;][et_pb_blurb _builder_version=&#8221;3.0.94&#8243; title=&#8221;20 de fevereiro &#8211; Entenda como usar as \u00c1reas de Uso Restrito&#8221; url_new_window=&#8221;on&#8221; use_icon=&#8221;off&#8221; use_circle=&#8221;off&#8221; use_circle_border=&#8221;off&#8221; icon_placement=&#8221;top&#8221; use_icon_font_size=&#8221;off&#8221; background_layout=&#8221;light&#8221; url=&#8221;https:\/\/www.radisufv.com.br\/site\/biblioteca\/noticias-2\/entenda-como-usar-as-areas-de-uso-restrito\/&#8221; image=&#8221;https:\/\/www.radisufv.com.br\/site\/wp-content\/uploads\/2019\/02\/viktor-forgacs-372427-unsplash.jpg&#8221;]<\/p>\n<p>Produtor rural pode utilizar espa\u00e7os com restri\u00e7\u00f5es quanto ao tipo de atividade.<\/p>\n<p>[\/et_pb_blurb][\/et_pb_column][et_pb_column type=&#8221;1_3&#8243;][et_pb_blurb _builder_version=&#8221;3.0.94&#8243; title=&#8221;14 de fevereiro &#8211; C\u00f3digo Florestal: saiba o que diz a lei&#8221; url_new_window=&#8221;off&#8221; use_icon=&#8221;off&#8221; use_circle=&#8221;off&#8221; use_circle_border=&#8221;off&#8221; icon_placement=&#8221;top&#8221; use_icon_font_size=&#8221;off&#8221; background_layout=&#8221;light&#8221; url=&#8221;https:\/\/www.radisufv.com.br\/site\/biblioteca\/noticias-2\/codigo-florestal-saiba-o-que-diz-a-lei\/&#8221; image=&#8221;https:\/\/www.radisufv.com.br\/site\/wp-content\/uploads\/2019\/02\/15-02-C\u00f3digo-Florestal.jpg&#8221;]<\/p>\n<p>A legisla\u00e7\u00e3o estabelece normas protetivas de vegeta\u00e7\u00f5es nativas.<\/p>\n<p>[\/et_pb_blurb][\/et_pb_column][et_pb_column type=&#8221;1_3&#8243;][et_pb_blurb _builder_version=&#8221;3.0.94&#8243; title=&#8221;07 de fevereiro &#8211; Georreferenciamento de im\u00f3veis rurais \u00e9 exigido para transmiss\u00e3o da propriedade.&#8221; url=&#8221;https:\/\/www.radisufv.com.br\/site\/biblioteca\/noticias-2\/georreferenciamento-de-imoveis-rurais-e-exigido-para-transmissao-da-propriedade\/?et_fb=1&#8243; url_new_window=&#8221;on&#8221; use_icon=&#8221;off&#8221; image=&#8221;https:\/\/www.radisufv.com.br\/site\/wp-content\/uploads\/2019\/02\/noah-silliman-101051-unsplash.jpg&#8221; use_circle=&#8221;off&#8221; use_circle_border=&#8221;off&#8221; icon_placement=&#8221;top&#8221; use_icon_font_size=&#8221;off&#8221; background_layout=&#8221;light&#8221;]<\/p>\n<p>Legisla\u00e7\u00e3o exige tamb\u00e9m certificado da \u00e1rea.<\/p>\n<p>[\/et_pb_blurb][\/et_pb_column][\/et_pb_row][et_pb_row][et_pb_column type=&#8221;4_4&#8243;][et_pb_text _builder_version=&#8221;3.0.94&#8243; background_layout=&#8221;light&#8221;]<\/p>\n<h4>JANEIRO \/ 2019<\/h4>\n<p>[\/et_pb_text][\/et_pb_column][\/et_pb_row][et_pb_row admin_label=&#8221;row&#8221; _builder_version=&#8221;3.0.94&#8243; background_size=&#8221;initial&#8221; background_position=&#8221;top_left&#8221; background_repeat=&#8221;repeat&#8221;][et_pb_column type=&#8221;1_3&#8243;][et_pb_blurb _builder_version=&#8221;3.0.94&#8243; title=&#8221;29 de janeiro &#8211; Programa de Regulariza\u00e7\u00e3o Ambiental: entenda como funciona&#8221; url=&#8221;https:\/\/www.radisufv.com.br\/site\/biblioteca\/noticias-2\/programa-de-regularizacao-ambiental-entenda-como-funciona\/&#8221; url_new_window=&#8221;on&#8221; use_icon=&#8221;off&#8221; image=&#8221;https:\/\/www.radisufv.com.br\/site\/wp-content\/uploads\/2019\/01\/mat\u00e9ria-29-01.png&#8221; use_circle=&#8221;off&#8221; use_circle_border=&#8221;off&#8221; icon_placement=&#8221;top&#8221; use_icon_font_size=&#8221;off&#8221; background_layout=&#8221;light&#8221;]<\/p>\n<p>Legisla\u00e7\u00e3o exige que o im\u00f3vel esteja inscrito no Cadastro Ambiental Rural.<\/p>\n<p>[\/et_pb_blurb][et_pb_blurb _builder_version=&#8221;3.0.94&#8243; title=&#8221;10 de janeiro &#8211; Projeto RADIS-UFV visita 29 assentamentos rurais em 2018&#8243; url=&#8221;https:\/\/www.radisufv.com.br\/site\/biblioteca\/noticias-2\/projeto-radis-ufv-visita-29-assentamentos-rurais-em-2018\/&#8221; url_new_window=&#8221;on&#8221; use_icon=&#8221;off&#8221; image=&#8221;https:\/\/www.radisufv.com.br\/site\/wp-content\/uploads\/2019\/01\/10-01-andamento-das-coletas.jpg&#8221; use_circle=&#8221;off&#8221; use_circle_border=&#8221;off&#8221; icon_placement=&#8221;top&#8221; use_icon_font_size=&#8221;off&#8221; background_layout=&#8221;light&#8221;]<\/p>\n<p>As visitas de campo foram realizadas em 1.895 lotes de cinco estados.<\/p>\n<p>[\/et_pb_blurb][\/et_pb_column][et_pb_column type=&#8221;1_3&#8243;][et_pb_blurb _builder_version=&#8221;3.0.94&#8243; title=&#8221;24 de janeiro &#8211; Incra executa reforma agr\u00e1ria e ordenamento fundi\u00e1rio nacional&#8221; url=&#8221;https:\/\/www.radisufv.com.br\/site\/biblioteca\/noticias-2\/incra-executa-reforma-agraria-e-ordenamento-fundiario-nacional\/&#8221; url_new_window=&#8221;on&#8221; use_icon=&#8221;off&#8221; image=&#8221;https:\/\/www.radisufv.com.br\/site\/wp-content\/uploads\/2019\/01\/26-01-incra2-1.png&#8221; use_circle=&#8221;off&#8221; use_circle_border=&#8221;off&#8221; icon_placement=&#8221;top&#8221; use_icon_font_size=&#8221;off&#8221; background_layout=&#8221;light&#8221;]<\/p>\n<p>Em parceria com a UFV, o Instituto ir\u00e1 coletar dados de 85 assentamentos rurais de 9.400 fam\u00edlias at\u00e9 2020.<\/p>\n<p>[\/et_pb_blurb][et_pb_blurb _builder_version=&#8221;3.0.94&#8243; title=&#8221;02 de janeiro -RADIS-UFV utiliza m\u00eddias digitais para informar cidad\u00e3os.&#8221; url=&#8221;https:\/\/www.radisufv.com.br\/site\/biblioteca\/noticias-2\/radis-ufv-utiliza-midias-digitais-para-informar-cidadaos\/&#8221; url_new_window=&#8221;on&#8221; use_icon=&#8221;off&#8221; image=&#8221;https:\/\/www.radisufv.com.br\/site\/wp-content\/uploads\/2019\/01\/not\u00edcia-redes-sociais.jpg&#8221; use_circle=&#8221;off&#8221; use_circle_border=&#8221;off&#8221; icon_placement=&#8221;top&#8221; use_icon_font_size=&#8221;off&#8221; background_layout=&#8221;light&#8221;]<\/p>\n<p><em>O projeto possui site, Facebook, Instagram e WhatsApp.<\/em><\/p>\n<p>[\/et_pb_blurb][\/et_pb_column][et_pb_column type=&#8221;1_3&#8243;][et_pb_blurb _builder_version=&#8221;3.0.94&#8243; title=&#8221;14 de janeiro &#8211; Projeto RADIS-UFV concede entrevista \u00e0 R\u00e1dio Montanhesa&#8221; url=&#8221;https:\/\/www.radisufv.com.br\/site\/biblioteca\/noticias-2\/entrevista-radio-montanhesa\/?et_fb=1&#8243; url_new_window=&#8221;on&#8221; use_icon=&#8221;off&#8221; image=&#8221;https:\/\/www.radisufv.com.br\/site\/wp-content\/uploads\/2019\/01\/Entrevista-R\u00e1dio-Montanhosa-1.jpeg&#8221; use_circle=&#8221;off&#8221; use_circle_border=&#8221;off&#8221; icon_placement=&#8221;top&#8221; use_icon_font_size=&#8221;off&#8221; background_layout=&#8221;light&#8221;]<\/p>\n<p>Apresenta\u00e7\u00e3o do projeto no quadro &#8220;Projetos do Bem&#8221; na r\u00e1dio Montanhesa de Vi\u00e7osa\/MG.<\/p>\n<p>[\/et_pb_blurb][\/et_pb_column][\/et_pb_row][et_pb_row][et_pb_column type=&#8221;4_4&#8243;][et_pb_text _builder_version=&#8221;3.0.94&#8243; background_layout=&#8221;light&#8221;]<\/p>\n<h4>DEZEMBRO \/ 2018<\/h4>\n<p>[\/et_pb_text][\/et_pb_column][\/et_pb_row][et_pb_row admin_label=&#8221;row&#8221; _builder_version=&#8221;3.0.94&#8243; background_size=&#8221;initial&#8221; background_position=&#8221;top_left&#8221; background_repeat=&#8221;repeat&#8221;][et_pb_column type=&#8221;1_3&#8243;][et_pb_blurb _builder_version=&#8221;3.0.94&#8243; title=&#8221;27 de dezembro &#8211; Avalia\u00e7\u00e3o Ambiental: entenda como funciona.&#8221; url=&#8221;https:\/\/www.radisufv.com.br\/site\/avaliacao-ambiental-entenda-como-funciona\/&#8221; url_new_window=&#8221;on&#8221; use_icon=&#8221;off&#8221; image=&#8221;https:\/\/www.radisufv.com.br\/site\/wp-content\/uploads\/2018\/12\/27-12-avalia\u00e7\u00e3o-ambiental-pg-not.jpg&#8221; use_circle=&#8221;off&#8221; use_circle_border=&#8221;off&#8221; icon_placement=&#8221;top&#8221; use_icon_font_size=&#8221;off&#8221; background_layout=&#8221;light&#8221;]<\/p>\n<p>A a\u00e7\u00e3o \u00e9 realizada por t\u00e9cnicos durante as visitas de campo.<\/p>\n<p>[\/et_pb_blurb][et_pb_blurb _builder_version=&#8221;3.0.94&#8243; title=&#8221;04 de dezembro &#8211; Projeto RADIS-UFV aplica question\u00e1rio para conhecer o perfil dos assentados&#8221; url=&#8221;https:\/\/www.radisufv.com.br\/site\/projeto-radis-ufv-aplica-questionario-para-conhecer-o-perfil-dos-assentados\/&#8221; url_new_window=&#8221;on&#8221; use_icon=&#8221;off&#8221; image=&#8221;https:\/\/www.radisufv.com.br\/site\/wp-content\/uploads\/2018\/12\/04-12-question\u00e1rios-1.jpeg&#8221; use_circle=&#8221;off&#8221; use_circle_border=&#8221;off&#8221; icon_placement=&#8221;top&#8221; use_icon_font_size=&#8221;off&#8221; background_layout=&#8221;light&#8221;]<\/p>\n<p>S\u00e3o quatro blocos de informa\u00e7\u00f5es socioecon\u00f4micas.<\/p>\n<p>[\/et_pb_blurb][\/et_pb_column][et_pb_column type=&#8221;1_3&#8243;][et_pb_blurb _builder_version=&#8221;3.0.94&#8243; title=&#8221;18 de dezembro &#8211; \u00c1rea de im\u00f3vel rural deve ser destinada para Reserva Legal.&#8221; url=&#8221;https:\/\/www.radisufv.com.br\/site\/biblioteca\/noticias-2\/area-de-imovel-rural-deve-ser-destinada-para-reserva-legal\/&#8221; url_new_window=&#8221;on&#8221; use_icon=&#8221;off&#8221; image=&#8221;https:\/\/www.radisufv.com.br\/site\/wp-content\/uploads\/2018\/12\/18-12-reserva-legal-1.jpg&#8221; use_circle=&#8221;off&#8221; use_circle_border=&#8221;off&#8221; icon_placement=&#8221;top&#8221; use_icon_font_size=&#8221;off&#8221; background_layout=&#8221;light&#8221;]<\/p>\n<p>T\u00e9cnicos do projeto RADIS-UFV realizam a medi\u00e7\u00e3o da \u00e1rea em visitas t\u00e9cnicas.<\/p>\n<p>[\/et_pb_blurb][\/et_pb_column][et_pb_column type=&#8221;1_3&#8243;][et_pb_blurb _builder_version=&#8221;3.0.94&#8243; title=&#8221;11 de dezembro &#8211; Alagoas: Drone \u00e9 utilizado pela primeira vez em atividades de campo em assentamento da reforma agr\u00e1ria.&#8221; url=&#8221;https:\/\/www.radisufv.com.br\/site\/biblioteca\/noticias-2\/alagoas-drone-e-utilizado-pela-primeira-vez-em-atividades-de-campo-em-assentamento-da-reforma-agraria\/&#8221; url_new_window=&#8221;on&#8221; use_icon=&#8221;off&#8221; image=&#8221;https:\/\/www.radisufv.com.br\/site\/wp-content\/uploads\/2018\/12\/11-12-drone-1.jpg&#8221; use_circle=&#8221;off&#8221; use_circle_border=&#8221;off&#8221; icon_placement=&#8221;top&#8221; use_icon_font_size=&#8221;off&#8221; background_layout=&#8221;light&#8221;]<\/p>\n<p>A tecnologia \u00e9 usada pelo INCRA e UFV durante levantamento cartogr\u00e1fico em assentamento de Maragogi.<\/p>\n<p>[\/et_pb_blurb][\/et_pb_column][\/et_pb_row][et_pb_row][et_pb_column type=&#8221;4_4&#8243;][et_pb_text _builder_version=&#8221;3.0.94&#8243; background_layout=&#8221;light&#8221;]<\/p>\n<h4>NOVEMBRO \/ 2018<\/h4>\n<p>[\/et_pb_text][\/et_pb_column][\/et_pb_row][et_pb_row admin_label=&#8221;row&#8221; _builder_version=&#8221;3.0.94&#8243; background_size=&#8221;initial&#8221; background_position=&#8221;top_left&#8221; background_repeat=&#8221;repeat&#8221;][et_pb_column type=&#8221;1_3&#8243;][et_pb_blurb _builder_version=&#8221;3.0.94&#8243; title=&#8221;27 de novembro &#8211; Projeto RADIS-UFV trabalha com o contato direto com o p\u00fablico&#8221; url=&#8221;https:\/\/www.radisufv.com.br\/site\/biblioteca\/noticias-2\/projeto-radis-ufv-trabalha-com-o-contato-direto-com-o-publico\/&#8221; url_new_window=&#8221;on&#8221; use_icon=&#8221;off&#8221; image=&#8221;https:\/\/www.radisufv.com.br\/site\/wp-content\/uploads\/2018\/11\/27-11-Ouvidoria-1.jpg&#8221; use_circle=&#8221;off&#8221; use_circle_border=&#8221;off&#8221; icon_placement=&#8221;top&#8221; use_icon_font_size=&#8221;off&#8221; background_layout=&#8221;light&#8221;]<\/p>\n<p>Por meio de diversas plataformas, a popula\u00e7\u00e3o pode entrar em contato com os respons\u00e1veis pelo projeto para esclarecimento de d\u00favidas.<\/p>\n<p>[\/et_pb_blurb][\/et_pb_column][et_pb_column type=&#8221;1_3&#8243;][et_pb_blurb _builder_version=&#8221;3.0.94&#8243; title=&#8221;19 de novembro &#8211; Projeto RADIS-UFV realiza coleta de dados nos assentamentos do INCRA&#8221; url=&#8221;https:\/\/www.radisufv.com.br\/site\/biblioteca\/noticias-2\/projeto-radis-ufv-realiza-coleta-de-dados-nos-assentamentos-do-incra\/&#8221; url_new_window=&#8221;on&#8221; use_icon=&#8221;off&#8221; image=&#8221;https:\/\/www.radisufv.com.br\/site\/wp-content\/uploads\/2018\/11\/19-11-visitas-t\u00e9cnicas.jpg&#8221; use_circle=&#8221;off&#8221; use_circle_border=&#8221;off&#8221; icon_placement=&#8221;top&#8221; use_icon_font_size=&#8221;off&#8221; background_layout=&#8221;light&#8221;]<\/p>\n<p>Atualmente, a atividade est\u00e1 sendo realizada em quatro estados.<\/p>\n<p>[\/et_pb_blurb][\/et_pb_column][et_pb_column type=&#8221;1_3&#8243;][et_pb_blurb _builder_version=&#8221;3.0.94&#8243; title=&#8221;08 de novembro &#8211; APPs: Entenda em qual situa\u00e7\u00e3o as \u00c1reas Rurais consolidadas podem realizar atividades &#8221; url_new_window=&#8221;on&#8221; use_icon=&#8221;off&#8221; use_circle=&#8221;off&#8221; use_circle_border=&#8221;off&#8221; icon_placement=&#8221;top&#8221; use_icon_font_size=&#8221;off&#8221; background_layout=&#8221;light&#8221; url=&#8221;https:\/\/www.radisufv.com.br\/site\/apps-entenda-em-qual-situacao-as-areas-rurais-consolidadas-podem-realizar-atividades\/&#8221; image=&#8221;https:\/\/www.radisufv.com.br\/site\/wp-content\/uploads\/2018\/11\/07-11-APP.jpg&#8221;]<\/p>\n<p>A Lei 12.651\/2012 estabelece regras transit\u00f3rias para \u00e1reas rurais consolidadas at\u00e9 2008.<\/p>\n<p>[\/et_pb_blurb][\/et_pb_column][\/et_pb_row][et_pb_row][et_pb_column type=&#8221;4_4&#8243;][et_pb_text _builder_version=&#8221;3.0.94&#8243; background_layout=&#8221;light&#8221;]<\/p>\n<h4>OUTUBRO \/ 2018<\/h4>\n<p>[\/et_pb_text][\/et_pb_column][\/et_pb_row][et_pb_row admin_label=&#8221;row&#8221; _builder_version=&#8221;3.0.94&#8243; background_size=&#8221;initial&#8221; background_position=&#8221;top_left&#8221; background_repeat=&#8221;repeat&#8221;][et_pb_column type=&#8221;1_3&#8243;][et_pb_blurb _builder_version=&#8221;3.0.94&#8243; title=&#8221;25 de outubro &#8211; Segunda Capacita\u00e7\u00e3o dos t\u00e9cnicos de campo do Projeto RADIS \u2013 UFV&#8221; url_new_window=&#8221;on&#8221; use_icon=&#8221;off&#8221; use_circle=&#8221;off&#8221; use_circle_border=&#8221;off&#8221; icon_placement=&#8221;top&#8221; use_icon_font_size=&#8221;off&#8221; background_layout=&#8221;light&#8221; url=&#8221;https:\/\/www.radisufv.com.br\/site\/biblioteca\/noticias-2\/segunda-capacitacao-dos-tecnicos-de-campo-do-projeto-radis-ufv\/&#8221; image=&#8221;https:\/\/www.radisufv.com.br\/site\/wp-content\/uploads\/2018\/10\/foto-do-grupo.jpeg&#8221;]<\/p>\n<p>Os t\u00e9cnicos de Mato Grosso receberam, nessa \u00faltima semana de outubro, o treinamento pela equipe do Projeto RADIS-UFV.<\/p>\n<p>[\/et_pb_blurb][et_pb_blurb title=&#8221;04 de outubro &#8211; Capacita\u00e7\u00e3o dos t\u00e9cnicos de campo do Projeto RADIS \u2013 UFV&#8221; url=&#8221;https:\/\/www.radisufv.com.br\/site\/biblioteca\/noticias-2\/capacitacao-dos-tecnicos-de-campo-do-projeto-radis-ufv\/&#8221; url_new_window=&#8221;on&#8221; image=&#8221;https:\/\/www.radisufv.com.br\/site\/wp-content\/uploads\/2018\/10\/foto-maragogi-e1539114643949.jpeg&#8221; _builder_version=&#8221;3.0.94&#8243; use_icon=&#8221;off&#8221; use_circle=&#8221;off&#8221; use_circle_border=&#8221;off&#8221; icon_placement=&#8221;top&#8221; use_icon_font_size=&#8221;off&#8221; background_layout=&#8221;light&#8221;]<\/p>\n<p>Na primeira semana de outubro, entre os dias 1\/10 a 4\/10, foi realizado o encontro para capacita\u00e7\u00e3o dos t\u00e9cnicos que trabalhar\u00e3o nas atividades de campo do Projeto RADIS-UFV.<\/p>\n<p>[\/et_pb_blurb][\/et_pb_column][et_pb_column type=&#8221;1_3&#8243;][et_pb_blurb _builder_version=&#8221;3.0.94&#8243; title=&#8221;18 de outubro &#8211; A conceitua\u00e7\u00e3o de Assentamentos, segundo o Instituto Nacional de Coloniza\u00e7\u00e3o e Reforma Agr\u00e1ria.&#8221; url=&#8221;https:\/\/www.radisufv.com.br\/site\/biblioteca\/noticias-2\/a-conceituacao-de-assentamentos-segundo-o-instituto-nacional-de-colonizacao-e-reforma-agraria\/&#8221; url_new_window=&#8221;on&#8221; use_icon=&#8221;off&#8221; use_circle=&#8221;off&#8221; use_circle_border=&#8221;off&#8221; icon_placement=&#8221;top&#8221; use_icon_font_size=&#8221;off&#8221; background_layout=&#8221;light&#8221; image=&#8221;https:\/\/www.radisufv.com.br\/site\/wp-content\/uploads\/2018\/10\/18-10-assentamentos-1.jpg&#8221;]<\/p>\n<p>O Projeto RADIS-UFV atender\u00e1 assentamentos do Incra em oito estados brasileiros.<\/p>\n<p>[\/et_pb_blurb][et_pb_blurb title=&#8221;02 de outubro &#8211; Incentivo \u00e0 produ\u00e7\u00e3o sustent\u00e1vel por meio do Projeto RADIS \u2013 UFV&#8221; url=&#8221;https:\/\/www.radisufv.com.br\/site\/biblioteca\/noticias-2\/incentivo-a-producao-sustentavel-por-meio-do-projeto-radis-ufv\/&#8221; url_new_window=&#8221;on&#8221; image=&#8221;https:\/\/www.radisufv.com.br\/site\/wp-content\/uploads\/2018\/10\/sistemas-agroflorestais-810&#215;420-e1539114655117.jpg&#8221; _builder_version=&#8221;3.0.94&#8243; use_icon=&#8221;off&#8221; use_circle=&#8221;off&#8221; use_circle_border=&#8221;off&#8221; icon_placement=&#8221;top&#8221; use_icon_font_size=&#8221;off&#8221; background_layout=&#8221;light&#8221;]<\/p>\n<p>O Projeto RADIS-UFV busca incentivar modelos de produ\u00e7\u00e3o sustent\u00e1veis aos agricultores dos assentamentos contemplados pelo projeto.<\/p>\n<p>[\/et_pb_blurb][\/et_pb_column][et_pb_column type=&#8221;1_3&#8243;][et_pb_blurb title=&#8221;09 de outubro &#8211; O Projeto RADIS-UFV auxiliar\u00e1 os agricultores familiares no Cadastro Ambiental Rural \u2013 CAR&#8221; url=&#8221;https:\/\/www.radisufv.com.br\/site\/biblioteca\/noticias-2\/o-projeto-radis-ufv-auxiliara-os-agricultores-familiares-no-cadastro-ambiental-rural-car\/&#8221; url_new_window=&#8221;on&#8221; image=&#8221;https:\/\/www.radisufv.com.br\/site\/wp-content\/uploads\/2018\/10\/CAR1.png&#8221; _builder_version=&#8221;3.0.94&#8243;]<\/p>\n<p>Instrumento fundamental para facilitar o processo de regulariza\u00e7\u00e3o ambiental de propriedades e posses rurais.<\/p>\n<p>[\/et_pb_blurb][et_pb_blurb _builder_version=&#8221;3.0.94&#8243; url_new_window=&#8221;off&#8221; use_icon=&#8221;off&#8221; use_circle=&#8221;off&#8221; use_circle_border=&#8221;off&#8221; icon_placement=&#8221;top&#8221; use_icon_font_size=&#8221;off&#8221; background_layout=&#8221;light&#8221; \/][\/et_pb_column][\/et_pb_row][et_pb_row][et_pb_column type=&#8221;4_4&#8243;][et_pb_text _builder_version=&#8221;3.0.94&#8243; background_layout=&#8221;light&#8221;]<\/p>\n<h4>SETEMBRO \/ 2018<\/h4>\n<p>[\/et_pb_text][\/et_pb_column][\/et_pb_row][et_pb_row][et_pb_column type=&#8221;1_3&#8243;][et_pb_blurb title=&#8221;27 de Setembro &#8211; A regulariza\u00e7\u00e3o ambiental dos assentamentos rurais por meio do Projeto RADIS \u2013 UFV&#8221; url=&#8221;https:\/\/www.radisufv.com.br\/site\/biblioteca\/noticias-2\/regularizacao-ambiental-dos-assentamentos-rurais-por-meio-do-projeto-radis-ufv\/&#8221; url_new_window=&#8221;on&#8221; image=&#8221;https:\/\/www.radisufv.com.br\/site\/wp-content\/uploads\/2018\/09\/S2.jpg&#8221; _builder_version=&#8221;3.0.94&#8243;]<\/p>\n<p>A equipe do Projeto RADIS-UFV far\u00e1, a partir do m\u00eas de outubro deste ano, visitas t\u00e9cnicas aos assentamentos rurais de oito estados brasileiros.<\/p>\n<p>[\/et_pb_blurb][\/et_pb_column][et_pb_column type=&#8221;1_3&#8243;][et_pb_blurb title=&#8221;25 de Setembro &#8211; O Projeto RADIS-UFV&#8221; url=&#8221;https:\/\/www.radisufv.com.br\/site\/biblioteca\/noticias-2\/o-projeto-radis-ufv\/&#8221; url_new_window=&#8221;on&#8221; image=&#8221;https:\/\/www.radisufv.com.br\/site\/wp-content\/uploads\/2018\/09\/radis.png&#8221; _builder_version=&#8221;3.0.94&#8243;]<\/p>\n<p>Projeto RADIS \u2013 Regulariza\u00e7\u00e3o Ambiental e Diagn\u00f3stico dos Sistemas Agr\u00e1rios, de Assentamentos da Reforma Agr\u00e1ria.<\/p>\n<p>[\/et_pb_blurb][\/et_pb_column][et_pb_column type=&#8221;1_3&#8243;][\/et_pb_column][\/et_pb_row][\/et_pb_section]<\/p>\n","protected":false},"excerpt":{"rendered":"<p>[et_pb_section bb_built=&#8221;1&#8243; admin_label=&#8221;section&#8221; _builder_version=&#8221;3.0.47&#8243;][et_pb_row][et_pb_column type=&#8221;4_4&#8243;][et_pb_text _builder_version=&#8221;3.0.94&#8243; background_layout=&#8221;light&#8221;] MAR\u00c7O \/ 2019 [\/et_pb_text][\/et_pb_column][\/et_pb_row][et_pb_row admin_label=&#8221;row&#8221; _builder_version=&#8221;3.0.94&#8243; background_size=&#8221;initial&#8221; background_position=&#8221;top_left&#8221; background_repeat=&#8221;repeat&#8221;][et_pb_column type=&#8221;1_3&#8243;][et_pb_blurb _builder_version=&#8221;3.0.94&#8243; title=&#8221;01 de mar\u00e7o &#8211; Produtor rural conta com servi\u00e7os profissionalizantes do SENAR&#8221; url_new_window=&#8221;on&#8221; use_icon=&#8221;off&#8221; use_circle=&#8221;off&#8221; use_circle_border=&#8221;off&#8221; icon_placement=&#8221;top&#8221; use_icon_font_size=&#8221;off&#8221; background_layout=&#8221;light&#8221; url=&#8221;https:\/\/www.radisufv.com.br\/site\/produtor-rural-conta-com-servicos-profissionalizantes-do-senar\/&#8221; image=&#8221;https:\/\/www.radisufv.com.br\/site\/wp-content\/uploads\/2019\/03\/01-03-SENAR.jpg&#8221;] Criado pela Lei n\u00ba 8.315 de 1991, a entidade integra o chamado Sistema S. [\/et_pb_blurb][\/et_pb_column][et_pb_column type=&#8221;1_3&#8243;][\/et_pb_column][et_pb_column [&hellip;]<\/p>\n","protected":false},"author":1,"featured_media":0,"parent":51812,"menu_order":0,"comment_status":"closed","ping_status":"closed","template":"","meta":[],"_links":{"self":[{"href":"https:\/\/www.radisufv.com.br\/site\/wp-json\/wp\/v2\/pages\/51982"}],"collection":[{"href":"https:\/\/www.radisufv.com.br\/site\/wp-json\/wp\/v2\/pages"}],"about":[{"href":"https:\/\/www.radisufv.com.br\/site\/wp-json\/wp\/v2\/types\/page"}],"author":[{"embeddable":true,"href":"https:\/\/www.radisufv.com.br\/site\/wp-json\/wp\/v2\/users\/1"}],"replies":[{"embeddable":true,"href":"https:\/\/www.radisufv.com.br\/site\/wp-json\/wp\/v2\/comments?post=51982"}],"version-history":[{"count":53,"href":"https:\/\/www.radisufv.com.br\/site\/wp-json\/wp\/v2\/pages\/51982\/revisions"}],"predecessor-version":[{"id":53628,"href":"https:\/\/www.radisufv.com.br\/site\/wp-json\/wp\/v2\/pages\/51982\/revisions\/53628"}],"up":[{"embeddable":true,"href":"https:\/\/www.radisufv.com.br\/site\/wp-json\/wp\/v2\/pages\/51812"}],"wp:attachment":[{"href":"https:\/\/www.radisufv.com.br\/site\/wp-json\/wp\/v2\/media?parent=51982"}],"curies":[{"name":"wp","href":"https:\/\/api.w.org\/{rel}","templated":true}]}}