{"id":52936,"date":"2018-09-25T18:17:34","date_gmt":"2018-09-25T21:17:34","guid":{"rendered":"https:\/\/www.radisufv.com.br\/site\/?page_id=52936"},"modified":"2018-10-25T14:44:16","modified_gmt":"2018-10-25T17:44:16","slug":"o-projeto-radis-ufv","status":"publish","type":"page","link":"https:\/\/www.radisufv.com.br\/site\/biblioteca\/noticias-2\/o-projeto-radis-ufv\/","title":{"rendered":"O Projeto RADIS-UFV"},"content":{"rendered":"<p>[et_pb_section bb_built=&#8221;1&#8243; admin_label=&#8221;section&#8221; _builder_version=&#8221;3.0.47&#8243;][et_pb_row admin_label=&#8221;row&#8221; _builder_version=&#8221;3.0.94&#8243; background_size=&#8221;initial&#8221; background_position=&#8221;top_left&#8221; background_repeat=&#8221;repeat&#8221;][et_pb_column type=&#8221;3_4&#8243;][et_pb_text _builder_version=&#8221;3.0.94&#8243; background_layout=&#8221;light&#8221; text_font_size=&#8221;18px&#8221;]<\/p>\n<h6>25 de Setembro de 2018<\/h6>\n<p>&nbsp;<\/p>\n<h4><strong>O Projeto RADIS-UFV<\/strong><\/h4>\n<p>[\/et_pb_text][et_pb_image _builder_version=&#8221;3.0.94&#8243; src=&#8221;https:\/\/www.radisufv.com.br\/site\/wp-content\/uploads\/2018\/09\/radis-horizontal.png&#8221; show_in_lightbox=&#8221;off&#8221; url_new_window=&#8221;off&#8221; use_overlay=&#8221;off&#8221; align=&#8221;center&#8221; always_center_on_mobile=&#8221;on&#8221; force_fullwidth=&#8221;off&#8221; show_bottom_space=&#8221;on&#8221; \/][et_pb_text admin_label=&#8221;Text&#8221; _builder_version=&#8221;3.0.94&#8243; background_size=&#8221;initial&#8221; background_position=&#8221;top_left&#8221; background_repeat=&#8221;repeat&#8221; background_layout=&#8221;light&#8221;]<\/p>\n<p style=\"text-align: justify;\">O Projeto RADIS \u2013 Regulariza\u00e7\u00e3o Ambiental e Diagn\u00f3stico dos Sistemas Agr\u00e1rios, de Assentamentos da Reforma Agr\u00e1ria, \u00a0criado pelo Termo de Execu\u00e7\u00e3o Descentralizado \u2013 TED, estabelecido entre o Instituto Nacional de Coloniza\u00e7\u00e3o e Reforma Agr\u00e1ria \u2013 INCRA e a Universidade Nacional de Bras\u00edlia \u2013 UnB\/Campus Planaltina, foi constitu\u00eddo em Dezembro de 2014 tendo iniciado sua opera\u00e7\u00e3o em meados de 2015 em assentamentos federais da Regi\u00e3o Norte de Mato Grosso.<\/p>\n<p style=\"text-align: justify;\">Em seu terceiro ano de execu\u00e7\u00e3o, o Projeto RADIS expandiu suas fronteiras para v\u00e1rios estados, com o estabelecimento de novos TED\u00b4s entre o INCRA e diferentes Institui\u00e7\u00f5es Federais de Ensino Superior, como no caso da Universidade Federal de Vi\u00e7osa \u2013 UFV.<\/p>\n<p style=\"text-align: justify;\">A parceria com a UFV visa a regulariza\u00e7\u00e3o ambiental de 85 assentamentos rurais, com cerca de 9.400 fam\u00edlias assentadas, com seus lotes inscritos no Sistema Nacional de Cadastro Ambiental Rural &#8211; SICAR. Estes assentamentos encontram-se nos Estados do Par\u00e1, Pernambuco, Alagoas, Goi\u00e1s, Mato Grosso, Mato Grosso do Sul, Minas Gerais e S\u00e3o Paulo.<\/p>\n<p style=\"text-align: justify;\">O projeto consiste na contrata\u00e7\u00e3o de assist\u00eancia t\u00e9cnica especializada para realizar levantamento de informa\u00e7\u00f5es socioambientais e de sistemas agr\u00e1rios, que subsidiar\u00e3o a inscri\u00e7\u00e3o dos lotes e assentamentos no Cadastro Ambiental\u00a0Rural \u2013 CAR e, tamb\u00e9m, a realiza\u00e7\u00e3o de pesquisas acad\u00eamicas com os dados levantados no diagn\u00f3stico dos sistemas agr\u00e1rios dos assentamentos, para a publica\u00e7\u00e3o cient\u00edfica, al\u00e9m de levantamento da demanda do acesso as pol\u00edticas de desenvolvimento de assentamentos, como os Cr\u00e9dito de Instala\u00e7\u00e3o do INCRA.<\/p>\n<p style=\"text-align: justify;\">Em algumas das unidades federativas, o INCRA tem optado pelo fortalecimento das parcerias j\u00e1 estabelecidas, ora com as Institui\u00e7\u00f5es e Empresas de Assist\u00eancia T\u00e9cnica, ora com os Governos dos Estados e\/ou Munic\u00edpios. Em todos os casos, o que se prima \u00e9 pela qualidade, seguran\u00e7a e em especial, atender os princ\u00edpios legais da Regulariza\u00e7\u00e3o Ambiental, por interm\u00e9dio do CAR e Diagn\u00f3stico dos Sistemas Agr\u00e1rios.<\/p>\n<p>&nbsp;<\/p>\n<p>[\/et_pb_text][\/et_pb_column][et_pb_column type=&#8221;1_4&#8243;][et_pb_sidebar _builder_version=&#8221;3.0.94&#8243; area=&#8221;sidebar-1&#8243; orientation=&#8221;left&#8221; show_border=&#8221;on&#8221; background_layout=&#8221;light&#8221; \/][et_pb_social_media_follow _builder_version=&#8221;3.0.94&#8243; url_new_window=&#8221;off&#8221; follow_button=&#8221;on&#8221; background_layout=&#8221;light&#8221;][et_pb_social_media_follow_network _builder_version=&#8221;3.0.94&#8243; social_network=&#8221;facebook&#8221; skype_action=&#8221;call&#8221; url=&#8221;www.facebook.com\/radisufv&#8221; background_color=&#8221;#3b5998&#8243; use_background_color_gradient=&#8221;off&#8221; background_color_gradient_start=&#8221;#2b87da&#8221; background_color_gradient_end=&#8221;#29c4a9&#8243; background_color_gradient_type=&#8221;linear&#8221; background_color_gradient_direction=&#8221;180deg&#8221; background_color_gradient_direction_radial=&#8221;center&#8221; background_color_gradient_start_position=&#8221;0%&#8221; background_color_gradient_end_position=&#8221;100%&#8221; background_color_gradient_overlays_image=&#8221;off&#8221; parallax=&#8221;off&#8221; parallax_method=&#8221;on&#8221; background_size=&#8221;cover&#8221; background_position=&#8221;center&#8221; background_repeat=&#8221;no-repeat&#8221; background_blend=&#8221;normal&#8221; allow_player_pause=&#8221;off&#8221;] Facebook [\/et_pb_social_media_follow_network][et_pb_social_media_follow_network _builder_version=&#8221;3.0.94&#8243; social_network=&#8221;instagram&#8221; skype_action=&#8221;call&#8221; url=&#8221;https:\/\/www.instagram.com\/radis_ufv\/&#8221; background_color=&#8221;#8300e9&#8243; use_background_color_gradient=&#8221;off&#8221; background_color_gradient_start=&#8221;#2b87da&#8221; background_color_gradient_end=&#8221;#29c4a9&#8243; background_color_gradient_type=&#8221;linear&#8221; background_color_gradient_direction=&#8221;180deg&#8221; background_color_gradient_direction_radial=&#8221;center&#8221; background_color_gradient_start_position=&#8221;0%&#8221; background_color_gradient_end_position=&#8221;100%&#8221; background_color_gradient_overlays_image=&#8221;off&#8221; parallax=&#8221;off&#8221; parallax_method=&#8221;on&#8221; background_size=&#8221;cover&#8221; background_position=&#8221;center&#8221; background_repeat=&#8221;no-repeat&#8221; background_blend=&#8221;normal&#8221; allow_player_pause=&#8221;off&#8221;] Instagram [\/et_pb_social_media_follow_network][\/et_pb_social_media_follow][\/et_pb_column][\/et_pb_row][\/et_pb_section]<\/p>\n","protected":false},"excerpt":{"rendered":"<p>[et_pb_section bb_built=&#8221;1&#8243; admin_label=&#8221;section&#8221; _builder_version=&#8221;3.0.47&#8243;][et_pb_row admin_label=&#8221;row&#8221; _builder_version=&#8221;3.0.94&#8243; background_size=&#8221;initial&#8221; background_position=&#8221;top_left&#8221; background_repeat=&#8221;repeat&#8221;][et_pb_column type=&#8221;3_4&#8243;][et_pb_text _builder_version=&#8221;3.0.94&#8243; background_layout=&#8221;light&#8221; text_font_size=&#8221;18px&#8221;] 25 de Setembro de 2018 &nbsp; O Projeto RADIS-UFV [\/et_pb_text][et_pb_image _builder_version=&#8221;3.0.94&#8243; src=&#8221;https:\/\/www.radisufv.com.br\/site\/wp-content\/uploads\/2018\/09\/radis-horizontal.png&#8221; show_in_lightbox=&#8221;off&#8221; url_new_window=&#8221;off&#8221; use_overlay=&#8221;off&#8221; align=&#8221;center&#8221; always_center_on_mobile=&#8221;on&#8221; force_fullwidth=&#8221;off&#8221; show_bottom_space=&#8221;on&#8221; \/][et_pb_text admin_label=&#8221;Text&#8221; _builder_version=&#8221;3.0.94&#8243; background_size=&#8221;initial&#8221; background_position=&#8221;top_left&#8221; background_repeat=&#8221;repeat&#8221; background_layout=&#8221;light&#8221;] O Projeto RADIS \u2013 Regulariza\u00e7\u00e3o Ambiental e Diagn\u00f3stico dos Sistemas Agr\u00e1rios, de Assentamentos da Reforma Agr\u00e1ria, [&hellip;]<\/p>\n","protected":false},"author":5,"featured_media":0,"parent":51982,"menu_order":0,"comment_status":"closed","ping_status":"closed","template":"","meta":[],"_links":{"self":[{"href":"https:\/\/www.radisufv.com.br\/site\/wp-json\/wp\/v2\/pages\/52936"}],"collection":[{"href":"https:\/\/www.radisufv.com.br\/site\/wp-json\/wp\/v2\/pages"}],"about":[{"href":"https:\/\/www.radisufv.com.br\/site\/wp-json\/wp\/v2\/types\/page"}],"author":[{"embeddable":true,"href":"https:\/\/www.radisufv.com.br\/site\/wp-json\/wp\/v2\/users\/5"}],"replies":[{"embeddable":true,"href":"https:\/\/www.radisufv.com.br\/site\/wp-json\/wp\/v2\/comments?post=52936"}],"version-history":[{"count":10,"href":"https:\/\/www.radisufv.com.br\/site\/wp-json\/wp\/v2\/pages\/52936\/revisions"}],"predecessor-version":[{"id":53215,"href":"https:\/\/www.radisufv.com.br\/site\/wp-json\/wp\/v2\/pages\/52936\/revisions\/53215"}],"up":[{"embeddable":true,"href":"https:\/\/www.radisufv.com.br\/site\/wp-json\/wp\/v2\/pages\/51982"}],"wp:attachment":[{"href":"https:\/\/www.radisufv.com.br\/site\/wp-json\/wp\/v2\/media?parent=52936"}],"curies":[{"name":"wp","href":"https:\/\/api.w.org\/{rel}","templated":true}]}}