{"id":53061,"date":"2018-10-02T15:47:54","date_gmt":"2018-10-02T18:47:54","guid":{"rendered":"https:\/\/www.radisufv.com.br\/site\/?page_id=53061"},"modified":"2018-10-25T14:51:37","modified_gmt":"2018-10-25T17:51:37","slug":"incentivo-a-producao-sustentavel-por-meio-do-projeto-radis-ufv","status":"publish","type":"page","link":"https:\/\/www.radisufv.com.br\/site\/biblioteca\/noticias-2\/incentivo-a-producao-sustentavel-por-meio-do-projeto-radis-ufv\/","title":{"rendered":"Incentivo \u00e0 produ\u00e7\u00e3o sustent\u00e1vel por meio do Projeto RADIS \u2013 UFV"},"content":{"rendered":"<p>[et_pb_section bb_built=&#8221;1&#8243; admin_label=&#8221;section&#8221; _builder_version=&#8221;3.0.47&#8243;][et_pb_row admin_label=&#8221;row&#8221; _builder_version=&#8221;3.0.47&#8243; background_size=&#8221;initial&#8221; background_position=&#8221;top_left&#8221; background_repeat=&#8221;repeat&#8221;][et_pb_column type=&#8221;3_4&#8243;][et_pb_text _builder_version=&#8221;3.0.94&#8243; background_layout=&#8221;light&#8221;]<\/p>\n<h6>02 de Outubro de 2018<\/h6>\n<p>&nbsp;<\/p>\n<h4><strong>Incentivo \u00e0 produ\u00e7\u00e3o sustent\u00e1vel por meio do Projeto RADIS \u2013 UFV<\/strong><\/h4>\n<p>[\/et_pb_text][et_pb_image _builder_version=&#8221;3.0.94&#8243; src=&#8221;https:\/\/www.radisufv.com.br\/site\/wp-content\/uploads\/2018\/10\/02-10-sistemas-agroflorestais-810&#215;420-1.jpg&#8221; show_in_lightbox=&#8221;off&#8221; url_new_window=&#8221;off&#8221; use_overlay=&#8221;off&#8221; align=&#8221;center&#8221; always_center_on_mobile=&#8221;on&#8221; force_fullwidth=&#8221;off&#8221; show_bottom_space=&#8221;on&#8221; \/][et_pb_text admin_label=&#8221;Text&#8221; _builder_version=&#8221;3.0.94&#8243; background_size=&#8221;initial&#8221; background_position=&#8221;top_left&#8221; background_repeat=&#8221;repeat&#8221; background_layout=&#8221;light&#8221;]<\/p>\n<p>&nbsp;<\/p>\n<p style=\"text-align: justify;\">O Projeto RADIS-UFV busca incentivar modelos de produ\u00e7\u00e3o sustent\u00e1veis aos agricultores dos assentamentos contemplados pelo projeto. Durante as visitas dos t\u00e9cnicos em campo, estes repassar\u00e3o informa\u00e7\u00f5es para que os agricultores familiares conhe\u00e7am e reflitam sobre o desenvolvimento econ\u00f4mico compat\u00edvel com preserva\u00e7\u00e3o ambiental. Essas informa\u00e7\u00f5es ser\u00e3o transmitidas por meio de di\u00e1logos diretos com os produtores rurais, como tamb\u00e9m por meio de materiais informativos produzidos pelo Projeto.<\/p>\n<p style=\"text-align: justify;\">Os sistemas sustent\u00e1veis de produ\u00e7\u00e3o agr\u00edcola s\u00e3o considerados como o conjunto de t\u00e9cnicas e pr\u00e1ticas que visam \u00e0 produ\u00e7\u00e3o rural de forma a atender tr\u00eas requisitos fundamentais: ser economicamente vi\u00e1vel, ambientalmente correto e socialmente justo. Dessa maneira, t\u00eam-se como objetivo a produ\u00e7\u00e3o com m\u00ednimo impacto aos recursos naturais, atrav\u00e9s do uso racional dos insumos, e do respeito \u00e0 legisla\u00e7\u00e3o ambiental e trabalhista.<\/p>\n<p style=\"text-align: justify;\">O requisito ambiental surge da preocupa\u00e7\u00e3o do esgotamento e desgaste dos recursos naturais, essenciais para a manuten\u00e7\u00e3o e continuidade dos meios de produ\u00e7\u00e3o, tanto agr\u00edcolas quanto industriais. Dessa maneira, muitos estudos s\u00e3o produzidos atualmente buscando novos sistemas de produ\u00e7\u00e3o agr\u00edcola sustent\u00e1veis, como exemplo o Plantio Direto na Palha (PDP), a Integra\u00e7\u00e3o Lavoura-Pecu\u00e1ria-Floresta (ILPF), a Produ\u00e7\u00e3o Integrada de Frutas (PIF), os Sistemas agroflorestais (SAFs), a Agricultura Org\u00e2nica, entre outros<sup>1<\/sup>.<\/p>\n<p style=\"text-align: justify;\">Um dos principais sistemas de agricultura sustent\u00e1vel defendidos hoje em dia s\u00e3o as Agroflorestas. Com elas, em uma mesma \u00e1rea, \u00e9 poss\u00edvel estabelecer associa\u00e7\u00e3o entre esp\u00e9cies de import\u00e2ncia econ\u00f4mica, frut\u00edferas e hortali\u00e7as, e \u00e1rvores nativas. Essa uni\u00e3o de vegeta\u00e7\u00e3o leva a um equil\u00edbrio biol\u00f3gico que promove o controle de pragas e doen\u00e7as. Os sistemas agroflorestais (SAFs) s\u00e3o associa\u00e7\u00f5es de culturas agr\u00edcolas com esp\u00e9cies arb\u00f3reas que podem ser utilizados para restaurar florestas e recuperar \u00e1reas degradadas<sup>2<\/sup>.<\/p>\n<p style=\"text-align: justify;\">A partir das informa\u00e7\u00f5es colhidas nos diagn\u00f3sticos do Projeto RADIS-UFV e nas pesquisas acad\u00eamicas realizadas a partir destas informa\u00e7\u00f5es\u00a0, busca-se solu\u00e7\u00f5es para os agricultores familiares nos diversos estados do pa\u00eds. Desse modo, planeja-se o fortalecimento da cultura de preserva\u00e7\u00e3o e\/ou conserva\u00e7\u00e3o ambiental, enfatizando o modelo agroecol\u00f3gico para produ\u00e7\u00e3o e desenvolvimento dos assentamentos.<\/p>\n<p>&nbsp;<\/p>\n<p>Refer\u00eancias:<\/p>\n<p>1- <a href=\"http:\/\/www.diadecampo.com.br\/zpublisher\/materias\/Materia.asp?id=20606&amp;secao=Colunas%20Assinadas\">http:\/\/www.diadecampo.com.br\/zpublisher\/materias\/Materia.asp?id=20606&amp;secao=Colunas%20Assinadas<\/a><\/p>\n<p>2- <a href=\"https:\/\/www.embrapa.br\/busca-de-solucoes-tecnologicas\/-\/produto-servico\/112\/sistemas-agroflorestais-safs\">https:\/\/www.embrapa.br\/busca-de-solucoes-tecnologicas\/-\/produto-servico\/112\/sistemas-agroflorestais-safs<\/a><\/p>\n<p>[\/et_pb_text][\/et_pb_column][et_pb_column type=&#8221;1_4&#8243;][et_pb_sidebar _builder_version=&#8221;3.0.94&#8243; area=&#8221;sidebar-1&#8243; orientation=&#8221;left&#8221; show_border=&#8221;on&#8221; background_layout=&#8221;light&#8221; \/][et_pb_social_media_follow _builder_version=&#8221;3.0.94&#8243; url_new_window=&#8221;off&#8221; follow_button=&#8221;on&#8221; background_layout=&#8221;light&#8221;][et_pb_social_media_follow_network _builder_version=&#8221;3.0.94&#8243; social_network=&#8221;facebook&#8221; skype_action=&#8221;call&#8221; url=&#8221;www.facebook.com\/radisufv&#8221; background_color=&#8221;#3b5998&#8243; use_background_color_gradient=&#8221;off&#8221; background_color_gradient_start=&#8221;#2b87da&#8221; background_color_gradient_end=&#8221;#29c4a9&#8243; background_color_gradient_type=&#8221;linear&#8221; background_color_gradient_direction=&#8221;180deg&#8221; background_color_gradient_direction_radial=&#8221;center&#8221; background_color_gradient_start_position=&#8221;0%&#8221; background_color_gradient_end_position=&#8221;100%&#8221; background_color_gradient_overlays_image=&#8221;off&#8221; parallax=&#8221;off&#8221; parallax_method=&#8221;on&#8221; background_size=&#8221;cover&#8221; background_position=&#8221;center&#8221; background_repeat=&#8221;no-repeat&#8221; background_blend=&#8221;normal&#8221; allow_player_pause=&#8221;off&#8221;] Facebook [\/et_pb_social_media_follow_network][et_pb_social_media_follow_network _builder_version=&#8221;3.0.94&#8243; social_network=&#8221;instagram&#8221; skype_action=&#8221;call&#8221; url=&#8221;https:\/\/www.instagram.com\/radis_ufv\/&#8221; background_color=&#8221;#8300e9&#8243; use_background_color_gradient=&#8221;off&#8221; background_color_gradient_start=&#8221;#2b87da&#8221; background_color_gradient_end=&#8221;#29c4a9&#8243; background_color_gradient_type=&#8221;linear&#8221; background_color_gradient_direction=&#8221;180deg&#8221; background_color_gradient_direction_radial=&#8221;center&#8221; background_color_gradient_start_position=&#8221;0%&#8221; background_color_gradient_end_position=&#8221;100%&#8221; background_color_gradient_overlays_image=&#8221;off&#8221; parallax=&#8221;off&#8221; parallax_method=&#8221;on&#8221; background_size=&#8221;cover&#8221; background_position=&#8221;center&#8221; background_repeat=&#8221;no-repeat&#8221; background_blend=&#8221;normal&#8221; allow_player_pause=&#8221;off&#8221;] Instagram [\/et_pb_social_media_follow_network][\/et_pb_social_media_follow][\/et_pb_column][\/et_pb_row][\/et_pb_section]<\/p>\n","protected":false},"excerpt":{"rendered":"<p>[et_pb_section bb_built=&#8221;1&#8243; admin_label=&#8221;section&#8221; _builder_version=&#8221;3.0.47&#8243;][et_pb_row admin_label=&#8221;row&#8221; _builder_version=&#8221;3.0.47&#8243; background_size=&#8221;initial&#8221; background_position=&#8221;top_left&#8221; background_repeat=&#8221;repeat&#8221;][et_pb_column type=&#8221;3_4&#8243;][et_pb_text _builder_version=&#8221;3.0.94&#8243; background_layout=&#8221;light&#8221;] 02 de Outubro de 2018 &nbsp; Incentivo \u00e0 produ\u00e7\u00e3o sustent\u00e1vel por meio do Projeto RADIS \u2013 UFV [\/et_pb_text][et_pb_image _builder_version=&#8221;3.0.94&#8243; src=&#8221;https:\/\/www.radisufv.com.br\/site\/wp-content\/uploads\/2018\/10\/02-10-sistemas-agroflorestais-810&#215;420-1.jpg&#8221; show_in_lightbox=&#8221;off&#8221; url_new_window=&#8221;off&#8221; use_overlay=&#8221;off&#8221; align=&#8221;center&#8221; always_center_on_mobile=&#8221;on&#8221; force_fullwidth=&#8221;off&#8221; show_bottom_space=&#8221;on&#8221; \/][et_pb_text admin_label=&#8221;Text&#8221; _builder_version=&#8221;3.0.94&#8243; background_size=&#8221;initial&#8221; background_position=&#8221;top_left&#8221; background_repeat=&#8221;repeat&#8221; background_layout=&#8221;light&#8221;] &nbsp; O Projeto RADIS-UFV busca incentivar modelos de produ\u00e7\u00e3o [&hellip;]<\/p>\n","protected":false},"author":5,"featured_media":0,"parent":51982,"menu_order":0,"comment_status":"closed","ping_status":"closed","template":"","meta":[],"_links":{"self":[{"href":"https:\/\/www.radisufv.com.br\/site\/wp-json\/wp\/v2\/pages\/53061"}],"collection":[{"href":"https:\/\/www.radisufv.com.br\/site\/wp-json\/wp\/v2\/pages"}],"about":[{"href":"https:\/\/www.radisufv.com.br\/site\/wp-json\/wp\/v2\/types\/page"}],"author":[{"embeddable":true,"href":"https:\/\/www.radisufv.com.br\/site\/wp-json\/wp\/v2\/users\/5"}],"replies":[{"embeddable":true,"href":"https:\/\/www.radisufv.com.br\/site\/wp-json\/wp\/v2\/comments?post=53061"}],"version-history":[{"count":15,"href":"https:\/\/www.radisufv.com.br\/site\/wp-json\/wp\/v2\/pages\/53061\/revisions"}],"predecessor-version":[{"id":53223,"href":"https:\/\/www.radisufv.com.br\/site\/wp-json\/wp\/v2\/pages\/53061\/revisions\/53223"}],"up":[{"embeddable":true,"href":"https:\/\/www.radisufv.com.br\/site\/wp-json\/wp\/v2\/pages\/51982"}],"wp:attachment":[{"href":"https:\/\/www.radisufv.com.br\/site\/wp-json\/wp\/v2\/media?parent=53061"}],"curies":[{"name":"wp","href":"https:\/\/api.w.org\/{rel}","templated":true}]}}