{"id":53241,"date":"2018-11-07T14:42:39","date_gmt":"2018-11-07T16:42:39","guid":{"rendered":"https:\/\/www.radisufv.com.br\/site\/?page_id=53241"},"modified":"2019-02-28T13:13:13","modified_gmt":"2019-02-28T16:13:13","slug":"contato","status":"publish","type":"page","link":"https:\/\/www.radisufv.com.br\/site\/contato\/","title":{"rendered":"Contato"},"content":{"rendered":"<p>[et_pb_section bb_built=&#8221;1&#8243; _builder_version=&#8221;3.0.47&#8243;][et_pb_row _builder_version=&#8221;3.0.47&#8243; background_size=&#8221;initial&#8221; background_position=&#8221;top_left&#8221; background_repeat=&#8221;repeat&#8221;][et_pb_column type=&#8221;4_4&#8243;][et_pb_contact_form captcha=&#8221;off&#8221; email=&#8221;comunicacao.radis.ufv@gmail.com&#8221; title=&#8221;Fale Conosco&#8221; success_message=&#8221;Agradecemos seu contato. Todas as ouvidorias s\u00e3o registradas e respondidas o mais r\u00e1pido poss\u00edvel!&#8221; submit_button_text=&#8221;Enviar&#8221; _builder_version=&#8221;3.0.94&#8243; module_id=&#8221;et_pb_contact_form_0&#8243;][et_pb_contact_field field_id=&#8221;Name&#8221; field_title=&#8221;Nome&#8221; _builder_version=&#8221;3.0.94&#8243;][\/et_pb_contact_field][et_pb_contact_field field_id=&#8221;Email&#8221; field_title=&#8221;E-mail&#8221; field_type=&#8221;email&#8221; _builder_version=&#8221;3.0.94&#8243;][\/et_pb_contact_field][et_pb_contact_field field_id=&#8221;Field_5&#8243; field_title=&#8221;Cidade\/Estado&#8221; required_mark=&#8221;off&#8221; _builder_version=&#8221;3.0.94&#8243;][\/et_pb_contact_field][et_pb_contact_field field_id=&#8221;Field_6&#8243; field_title=&#8221;Telefone&#8221; required_mark=&#8221;off&#8221; _builder_version=&#8221;3.0.94&#8243;][\/et_pb_contact_field][et_pb_contact_field field_id=&#8221;Message&#8221; field_title=&#8221;Mensagem&#8221; field_type=&#8221;text&#8221; fullwidth_field=&#8221;on&#8221; _builder_version=&#8221;3.0.94&#8243;][\/et_pb_contact_field][et_pb_contact_field field_id=&#8221;Field_4&#8243; field_title=&#8221;Classifica\u00e7\u00e3o&#8221; field_type=&#8221;checkbox&#8221; checkbox_options=&#8221;%91{%22value%22:%22D\u00favida%22,%22checked%22:0},{%22value%22:%22Sugest\u00e3o%22,%22checked%22:0},{%22value%22:%22Reclama\u00e7\u00e3o%22,%22checked%22:0},{%22value%22:%22Elogio%22,%22checked%22:0}%93&#8243; _builder_version=&#8221;3.0.94&#8243;][\/et_pb_contact_field][\/et_pb_contact_form][et_pb_text _builder_version=&#8221;3.0.94&#8243; background_layout=&#8221;light&#8221;]<\/p>\n<p><strong>CONTATO<\/strong><\/p>\n<p>E-mail: comunicacao.radis.ufv@gmail.com<\/p>\n<p>WhatsApp: (61) 9402-2553<\/p>\n<p>[\/et_pb_text][\/et_pb_column][\/et_pb_row][\/et_pb_section]<\/p>\n","protected":false},"excerpt":{"rendered":"<p>[et_pb_section bb_built=&#8221;1&#8243; _builder_version=&#8221;3.0.47&#8243;][et_pb_row _builder_version=&#8221;3.0.47&#8243; background_size=&#8221;initial&#8221; background_position=&#8221;top_left&#8221; background_repeat=&#8221;repeat&#8221;][et_pb_column type=&#8221;4_4&#8243;][et_pb_contact_form captcha=&#8221;off&#8221; email=&#8221;comunicacao.radis.ufv@gmail.com&#8221; title=&#8221;Fale Conosco&#8221; success_message=&#8221;Agradecemos seu contato. Todas as ouvidorias s\u00e3o registradas e respondidas o mais r\u00e1pido poss\u00edvel!&#8221; submit_button_text=&#8221;Enviar&#8221; _builder_version=&#8221;3.0.94&#8243; module_id=&#8221;et_pb_contact_form_0&#8243;][et_pb_contact_field field_id=&#8221;Name&#8221; field_title=&#8221;Nome&#8221; _builder_version=&#8221;3.0.94&#8243;][\/et_pb_contact_field][et_pb_contact_field field_id=&#8221;Email&#8221; field_title=&#8221;E-mail&#8221; field_type=&#8221;email&#8221; _builder_version=&#8221;3.0.94&#8243;][\/et_pb_contact_field][et_pb_contact_field field_id=&#8221;Field_5&#8243; field_title=&#8221;Cidade\/Estado&#8221; required_mark=&#8221;off&#8221; _builder_version=&#8221;3.0.94&#8243;][\/et_pb_contact_field][et_pb_contact_field field_id=&#8221;Field_6&#8243; field_title=&#8221;Telefone&#8221; required_mark=&#8221;off&#8221; _builder_version=&#8221;3.0.94&#8243;][\/et_pb_contact_field][et_pb_contact_field field_id=&#8221;Message&#8221; field_title=&#8221;Mensagem&#8221; field_type=&#8221;text&#8221; fullwidth_field=&#8221;on&#8221; _builder_version=&#8221;3.0.94&#8243;][\/et_pb_contact_field][et_pb_contact_field field_id=&#8221;Field_4&#8243; field_title=&#8221;Classifica\u00e7\u00e3o&#8221; field_type=&#8221;checkbox&#8221; checkbox_options=&#8221;%91{%22value%22:%22D\u00favida%22,%22checked%22:0},{%22value%22:%22Sugest\u00e3o%22,%22checked%22:0},{%22value%22:%22Reclama\u00e7\u00e3o%22,%22checked%22:0},{%22value%22:%22Elogio%22,%22checked%22:0}%93&#8243; _builder_version=&#8221;3.0.94&#8243;][\/et_pb_contact_field][\/et_pb_contact_form][et_pb_text _builder_version=&#8221;3.0.94&#8243; [&hellip;]<\/p>\n","protected":false},"author":5,"featured_media":0,"parent":0,"menu_order":0,"comment_status":"closed","ping_status":"closed","template":"","meta":[],"_links":{"self":[{"href":"https:\/\/www.radisufv.com.br\/site\/wp-json\/wp\/v2\/pages\/53241"}],"collection":[{"href":"https:\/\/www.radisufv.com.br\/site\/wp-json\/wp\/v2\/pages"}],"about":[{"href":"https:\/\/www.radisufv.com.br\/site\/wp-json\/wp\/v2\/types\/page"}],"author":[{"embeddable":true,"href":"https:\/\/www.radisufv.com.br\/site\/wp-json\/wp\/v2\/users\/5"}],"replies":[{"embeddable":true,"href":"https:\/\/www.radisufv.com.br\/site\/wp-json\/wp\/v2\/comments?post=53241"}],"version-history":[{"count":6,"href":"https:\/\/www.radisufv.com.br\/site\/wp-json\/wp\/v2\/pages\/53241\/revisions"}],"predecessor-version":[{"id":53612,"href":"https:\/\/www.radisufv.com.br\/site\/wp-json\/wp\/v2\/pages\/53241\/revisions\/53612"}],"wp:attachment":[{"href":"https:\/\/www.radisufv.com.br\/site\/wp-json\/wp\/v2\/media?parent=53241"}],"curies":[{"name":"wp","href":"https:\/\/api.w.org\/{rel}","templated":true}]}}