{"id":53288,"date":"2018-11-08T15:22:39","date_gmt":"2018-11-08T17:22:39","guid":{"rendered":"https:\/\/www.radisufv.com.br\/site\/?page_id=53288"},"modified":"2018-11-19T17:18:35","modified_gmt":"2018-11-19T19:18:35","slug":"apps-entenda-em-qual-situacao-as-areas-rurais-consolidadas-podem-realizar-atividades","status":"publish","type":"page","link":"https:\/\/www.radisufv.com.br\/site\/biblioteca\/noticias-2\/apps-entenda-em-qual-situacao-as-areas-rurais-consolidadas-podem-realizar-atividades\/","title":{"rendered":"APPs: Entenda em qual situa\u00e7\u00e3o as \u00c1reas Rurais consolidadas podem realizar atividades"},"content":{"rendered":"<p>[et_pb_section fb_built=&#8221;1&#8243; _builder_version=&#8221;3.0.47&#8243; custom_padding=&#8221;54px|0px|0px|0px&#8221;][et_pb_row _builder_version=&#8221;3.0.47&#8243; background_size=&#8221;initial&#8221; background_position=&#8221;top_left&#8221; background_repeat=&#8221;repeat&#8221;][et_pb_column type=&#8221;3_4&#8243; _builder_version=&#8221;3.0.47&#8243; parallax=&#8221;off&#8221; parallax_method=&#8221;on&#8221;][et_pb_text _builder_version=&#8221;3.0.94&#8243;]08 de Novembro de 2018<\/p>\n<p>&nbsp;<\/p>\n<h4><strong>APPs: Entenda em qual situa\u00e7\u00e3o as \u00c1reas Rurais consolidadas podem realizar atividades <\/strong><\/h4>\n<p>[\/et_pb_text][et_pb_image src=&#8221;https:\/\/www.radisufv.com.br\/site\/wp-content\/uploads\/2018\/11\/07-11-APP.jpg&#8221; _builder_version=&#8221;3.0.94&#8243; align=&#8221;center&#8221; max_width=&#8221;80%&#8221;][\/et_pb_image][et_pb_text _builder_version=&#8221;3.0.94&#8243;]<\/p>\n<p><em>A Lei 12.651\/2012 estabelece regras transit\u00f3rias para \u00e1reas rurais consolidadas at\u00e9 2008.<\/em><\/p>\n<p style=\"text-align: justify;\">Uma \u00c1rea de Preserva\u00e7\u00e3o Permanente (APP) \u00e9 um espa\u00e7o protegido, coberto ou n\u00e3o por vegeta\u00e7\u00e3o nativa, com a fun\u00e7\u00e3o ambiental de preservar os recursos h\u00eddricos, a paisagem, a estabilidade geol\u00f3gica e a biodiversidade, al\u00e9m de facilitar o fluxo g\u00eanico de fauna e flora, proteger o solo e assegurar o bem-estar das popula\u00e7\u00f5es humanas. Essa \u00e9 defini\u00e7\u00e3o de uma APP, conforme a Lei N\u00ba 12.651\/2012, a atualiza\u00e7\u00e3o mais recente do C\u00f3digo Florestal.<\/p>\n<p style=\"text-align: justify;\">Essas \u00e1reas tem o mesmo papel das Unidades de Conserva\u00e7\u00e3o (UCs), que visam atender ao direito fundamental de todo brasileiro a um meio ambiente ecologicamente equilibrado, previsto no art. 225 da Constitui\u00e7\u00e3o. Por\u00e9m, enquanto as UCs estabelecem o uso sustent\u00e1vel ou indireto de \u00e1reas preservadas, as APPs s\u00e3o espa\u00e7os naturais intoc\u00e1veis, com rigorosos limites de explora\u00e7\u00e3o, n\u00e3o sendo permitida a explora\u00e7\u00e3o econ\u00f4mica direta.<\/p>\n<p style=\"text-align: justify;\">Contudo, as \u00c1reas Rurais consolidadas em APPs at\u00e9 22 de julho de 2008 s\u00e3o autorizadas a realizar atividades agrossilvipastoris, de ecoturismo e de turismo rural, de acordo com o Art. 61-A do C\u00f3digo Florestal. Apesar disso, a continuidade destas a\u00e7\u00f5es depende de boas pr\u00e1ticas de conserva\u00e7\u00e3o de solo e \u00e1gua, uma vez que se trata de terrenos com diversas fragilidades ambientais.<\/p>\n<p style=\"text-align: justify;\">Para efeito de recomposi\u00e7\u00e3o de algumas categorias de APP em \u00e1reas consideradas consolidadas, a legisla\u00e7\u00e3o estabelece regras transit\u00f3rias, indicando as dimens\u00f5es m\u00ednimas a serem recompostas com a inten\u00e7\u00e3o de garantir a oferta de servi\u00e7os ecossist\u00eamicos a elas associados. A aplica\u00e7\u00e3o leva em considera\u00e7\u00e3o o tamanho da propriedade em m\u00f3dulos fiscais e \u00e0s caracter\u00edsticas associadas \u00e0s APPs, como, por exemplo, a largura do curso d&#8217;\u00e1gua.<\/p>\n<p style=\"text-align: justify;\">Cada munic\u00edpio tem uma medida para o m\u00f3dulo fiscal, que \u00e9 avaliado em hectares, cujo valor \u00e9 fixado pelo INCRA. Leva-se em conta: o tipo de explora\u00e7\u00e3o predominante no munic\u00edpio (hortifrutigranjeira, cultura permanente, cultura tempor\u00e1ria, pecu\u00e1ria ou florestal); a renda obtida no tipo de explora\u00e7\u00e3o predominante; outras explora\u00e7\u00f5es existentes no munic\u00edpio que, embora n\u00e3o predominantes, sejam expressivas em fun\u00e7\u00e3o da renda ou da \u00e1rea utilizada; e o conceito de &#8220;propriedade familiar&#8221;. A dimens\u00e3o varia de acordo com cada localidade onde est\u00e1 localizada a propriedade. O valor no Brasil varia de 5 a 110 hectares.<\/p>\n<p>[\/et_pb_text][\/et_pb_column][et_pb_column type=&#8221;1_4&#8243; _builder_version=&#8221;3.0.47&#8243; parallax=&#8221;off&#8221; parallax_method=&#8221;on&#8221;][et_pb_sidebar area=&#8221;sidebar-1&#8243; _builder_version=&#8221;3.0.94&#8243;][\/et_pb_sidebar][et_pb_social_media_follow follow_button=&#8221;on&#8221; _builder_version=&#8221;3.0.94&#8243;][et_pb_social_media_follow_network social_network=&#8221;facebook&#8221; url=&#8221;https:\/\/www.facebook.com\/radisufv&#8221; _builder_version=&#8221;3.0.94&#8243; background_color=&#8221;#3b5998&#8243; follow_button=&#8221;on&#8221; url_new_window=&#8221;on&#8221;] Facebook [\/et_pb_social_media_follow_network][et_pb_social_media_follow_network social_network=&#8221;instagram&#8221; url=&#8221;https:\/\/www.instagram.com\/radis_ufv\/&#8221; _builder_version=&#8221;3.0.94&#8243; background_color=&#8221;#8300e9&#8243; follow_button=&#8221;on&#8221; url_new_window=&#8221;on&#8221;] Instagram [\/et_pb_social_media_follow_network][\/et_pb_social_media_follow][\/et_pb_column][\/et_pb_row][\/et_pb_section]<\/p>\n","protected":false},"excerpt":{"rendered":"<p>[et_pb_section fb_built=&#8221;1&#8243; _builder_version=&#8221;3.0.47&#8243; custom_padding=&#8221;54px|0px|0px|0px&#8221;][et_pb_row _builder_version=&#8221;3.0.47&#8243; background_size=&#8221;initial&#8221; background_position=&#8221;top_left&#8221; background_repeat=&#8221;repeat&#8221;][et_pb_column type=&#8221;3_4&#8243; _builder_version=&#8221;3.0.47&#8243; parallax=&#8221;off&#8221; parallax_method=&#8221;on&#8221;][et_pb_text _builder_version=&#8221;3.0.94&#8243;]08 de Novembro de 2018 &nbsp; APPs: Entenda em qual situa\u00e7\u00e3o as \u00c1reas Rurais consolidadas podem realizar atividades [\/et_pb_text][et_pb_image src=&#8221;https:\/\/www.radisufv.com.br\/site\/wp-content\/uploads\/2018\/11\/07-11-APP.jpg&#8221; _builder_version=&#8221;3.0.94&#8243; align=&#8221;center&#8221; max_width=&#8221;80%&#8221;][\/et_pb_image][et_pb_text _builder_version=&#8221;3.0.94&#8243;] A Lei 12.651\/2012 estabelece regras transit\u00f3rias para \u00e1reas rurais consolidadas at\u00e9 2008. Uma \u00c1rea de Preserva\u00e7\u00e3o Permanente (APP) \u00e9 [&hellip;]<\/p>\n","protected":false},"author":5,"featured_media":0,"parent":51982,"menu_order":0,"comment_status":"closed","ping_status":"closed","template":"","meta":[],"_links":{"self":[{"href":"https:\/\/www.radisufv.com.br\/site\/wp-json\/wp\/v2\/pages\/53288"}],"collection":[{"href":"https:\/\/www.radisufv.com.br\/site\/wp-json\/wp\/v2\/pages"}],"about":[{"href":"https:\/\/www.radisufv.com.br\/site\/wp-json\/wp\/v2\/types\/page"}],"author":[{"embeddable":true,"href":"https:\/\/www.radisufv.com.br\/site\/wp-json\/wp\/v2\/users\/5"}],"replies":[{"embeddable":true,"href":"https:\/\/www.radisufv.com.br\/site\/wp-json\/wp\/v2\/comments?post=53288"}],"version-history":[{"count":4,"href":"https:\/\/www.radisufv.com.br\/site\/wp-json\/wp\/v2\/pages\/53288\/revisions"}],"predecessor-version":[{"id":53325,"href":"https:\/\/www.radisufv.com.br\/site\/wp-json\/wp\/v2\/pages\/53288\/revisions\/53325"}],"up":[{"embeddable":true,"href":"https:\/\/www.radisufv.com.br\/site\/wp-json\/wp\/v2\/pages\/51982"}],"wp:attachment":[{"href":"https:\/\/www.radisufv.com.br\/site\/wp-json\/wp\/v2\/media?parent=53288"}],"curies":[{"name":"wp","href":"https:\/\/api.w.org\/{rel}","templated":true}]}}