{"id":53334,"date":"2018-11-27T10:30:58","date_gmt":"2018-11-27T12:30:58","guid":{"rendered":"https:\/\/www.radisufv.com.br\/site\/?page_id=53334"},"modified":"2018-11-27T10:40:53","modified_gmt":"2018-11-27T12:40:53","slug":"projeto-radis-ufv-trabalha-com-o-contato-direto-com-o-publico","status":"publish","type":"page","link":"https:\/\/www.radisufv.com.br\/site\/biblioteca\/noticias-2\/projeto-radis-ufv-trabalha-com-o-contato-direto-com-o-publico\/","title":{"rendered":"Projeto RADIS-UFV trabalha com o contato direto com o p\u00fablico"},"content":{"rendered":"<p>[et_pb_section fb_built=&#8221;1&#8243; _builder_version=&#8221;3.0.47&#8243;][et_pb_row _builder_version=&#8221;3.0.47&#8243; background_size=&#8221;initial&#8221; background_position=&#8221;top_left&#8221; background_repeat=&#8221;repeat&#8221;][et_pb_column type=&#8221;3_4&#8243; _builder_version=&#8221;3.0.47&#8243; parallax=&#8221;off&#8221; parallax_method=&#8221;on&#8221;][et_pb_text _builder_version=&#8221;3.0.94&#8243;]27 de novembro de 2018<\/p>\n<p>&nbsp;<\/p>\n<h4><strong>Projeto RADIS-UFV trabalha com o contato direto com o p\u00fablico<\/strong><\/h4>\n<p>[\/et_pb_text][et_pb_image src=&#8221;https:\/\/www.radisufv.com.br\/site\/wp-content\/uploads\/2018\/11\/27-11-Ouvidoria.jpg&#8221; _builder_version=&#8221;3.0.94&#8243; align=&#8221;center&#8221; max_width=&#8221;62%&#8221;][\/et_pb_image][et_pb_text _builder_version=&#8221;3.0.47&#8243; background_size=&#8221;initial&#8221; background_position=&#8221;top_left&#8221; background_repeat=&#8221;repeat&#8221;]<\/p>\n<p style=\"text-align: justify;\">O RADIS-UFV (Regulariza\u00e7\u00e3o Ambiental e Diagn\u00f3stico dos Sistemas Agr\u00e1rios), uma parceria entre o INCRA e a Universidade Federal de Vi\u00e7osa (UFV), disponibiliza em suas plataformas de comunica\u00e7\u00e3o a ferramenta de contato, com o objetivo de tirar as d\u00favidas e coletar sugest\u00f5es da popula\u00e7\u00e3o envolvida com os 85 assentamentos rurais, que dever\u00e3o ser regularizados pelo projeto, em oito estados brasileiros (Par\u00e1, Pernambuco, Alagoas, Goi\u00e1s, Mato Grosso, Mato Grosso do Sul, Minas Gerais e S\u00e3o Paulo), totalizando em 9.400 fam\u00edlias.<\/p>\n<p style=\"text-align: justify;\">O contato pode ser feito pelo espa\u00e7o \u2018contato\u2019 do site\u00a0<u><a href=\"http:\/\/www.radisufv.com.br\/\">www.radisufv.com.br<\/a>,\u00a0<\/u>por e-mail (<a href=\"mailto:comunica\u00e7\u00e3o.radis.ufv@gmail.com\">comunica\u00e7\u00e3o.radis.ufv@gmail.com<\/a>), al\u00e9m das redes sociais, no Facebook RADISUFV e Instagram @radis_ufv, e por mensagens do WhatsApp, no n\u00famero (61) 99402-2553. O cidad\u00e3o tamb\u00e9m tem a possibilidade de escrever sua cr\u00edtica, d\u00favida ou elogio nas fichas que estar\u00e3o com os t\u00e9cnicos do projeto durante as visitas em campo.<\/p>\n<p style=\"text-align: justify;\">O servi\u00e7o \u00e9 uma maneira de se expressar de forma segura, confidencial, sigilosa, \u00e9tica, isenta e com independ\u00eancia. O atendimento busca assegurar ao cidad\u00e3o que seus questionamentos sejam atendidos, al\u00e9m de buscar a melhoria da qualidade nos servi\u00e7os prestados pelo projeto.<\/p>\n<p><span style=\"font-size: small;\">Foto: www.targethost.com.br<\/span><\/p>\n<p>[\/et_pb_text][\/et_pb_column][et_pb_column type=&#8221;1_4&#8243; _builder_version=&#8221;3.0.47&#8243; parallax=&#8221;off&#8221; parallax_method=&#8221;on&#8221;][et_pb_social_media_follow follow_button=&#8221;on&#8221; _builder_version=&#8221;3.0.94&#8243;][et_pb_social_media_follow_network social_network=&#8221;facebook&#8221; url=&#8221;https:\/\/www.facebook.com\/radisufv&#8221; _builder_version=&#8221;3.0.94&#8243; background_color=&#8221;#3b5998&#8243; follow_button=&#8221;on&#8221; url_new_window=&#8221;on&#8221;] Facebook [\/et_pb_social_media_follow_network][et_pb_social_media_follow_network social_network=&#8221;instagram&#8221; url=&#8221;https:\/\/www.instagram.com\/radis_ufv\/&#8221; _builder_version=&#8221;3.0.94&#8243; background_color=&#8221;#8300e9&#8243; follow_button=&#8221;on&#8221; url_new_window=&#8221;on&#8221;] Instagram [\/et_pb_social_media_follow_network][\/et_pb_social_media_follow][\/et_pb_column][\/et_pb_row][\/et_pb_section]<\/p>\n","protected":false},"excerpt":{"rendered":"<p>[et_pb_section fb_built=&#8221;1&#8243; _builder_version=&#8221;3.0.47&#8243;][et_pb_row _builder_version=&#8221;3.0.47&#8243; background_size=&#8221;initial&#8221; background_position=&#8221;top_left&#8221; background_repeat=&#8221;repeat&#8221;][et_pb_column type=&#8221;3_4&#8243; _builder_version=&#8221;3.0.47&#8243; parallax=&#8221;off&#8221; parallax_method=&#8221;on&#8221;][et_pb_text _builder_version=&#8221;3.0.94&#8243;]27 de novembro de 2018 &nbsp; Projeto RADIS-UFV trabalha com o contato direto com o p\u00fablico [\/et_pb_text][et_pb_image src=&#8221;https:\/\/www.radisufv.com.br\/site\/wp-content\/uploads\/2018\/11\/27-11-Ouvidoria.jpg&#8221; _builder_version=&#8221;3.0.94&#8243; align=&#8221;center&#8221; max_width=&#8221;62%&#8221;][\/et_pb_image][et_pb_text _builder_version=&#8221;3.0.47&#8243; background_size=&#8221;initial&#8221; background_position=&#8221;top_left&#8221; background_repeat=&#8221;repeat&#8221;] O RADIS-UFV (Regulariza\u00e7\u00e3o Ambiental e Diagn\u00f3stico dos Sistemas Agr\u00e1rios), uma parceria entre o INCRA e a Universidade Federal de [&hellip;]<\/p>\n","protected":false},"author":5,"featured_media":0,"parent":51982,"menu_order":0,"comment_status":"closed","ping_status":"closed","template":"","meta":[],"_links":{"self":[{"href":"https:\/\/www.radisufv.com.br\/site\/wp-json\/wp\/v2\/pages\/53334"}],"collection":[{"href":"https:\/\/www.radisufv.com.br\/site\/wp-json\/wp\/v2\/pages"}],"about":[{"href":"https:\/\/www.radisufv.com.br\/site\/wp-json\/wp\/v2\/types\/page"}],"author":[{"embeddable":true,"href":"https:\/\/www.radisufv.com.br\/site\/wp-json\/wp\/v2\/users\/5"}],"replies":[{"embeddable":true,"href":"https:\/\/www.radisufv.com.br\/site\/wp-json\/wp\/v2\/comments?post=53334"}],"version-history":[{"count":4,"href":"https:\/\/www.radisufv.com.br\/site\/wp-json\/wp\/v2\/pages\/53334\/revisions"}],"predecessor-version":[{"id":53344,"href":"https:\/\/www.radisufv.com.br\/site\/wp-json\/wp\/v2\/pages\/53334\/revisions\/53344"}],"up":[{"embeddable":true,"href":"https:\/\/www.radisufv.com.br\/site\/wp-json\/wp\/v2\/pages\/51982"}],"wp:attachment":[{"href":"https:\/\/www.radisufv.com.br\/site\/wp-json\/wp\/v2\/media?parent=53334"}],"curies":[{"name":"wp","href":"https:\/\/api.w.org\/{rel}","templated":true}]}}