{"id":53348,"date":"2018-12-04T11:59:49","date_gmt":"2018-12-04T13:59:49","guid":{"rendered":"https:\/\/www.radisufv.com.br\/site\/?page_id=53348"},"modified":"2018-12-05T10:20:48","modified_gmt":"2018-12-05T12:20:48","slug":"projeto-radis-ufv-aplica-questionario-para-conhecer-o-perfil-dos-assentados","status":"publish","type":"page","link":"https:\/\/www.radisufv.com.br\/site\/biblioteca\/noticias-2\/projeto-radis-ufv-aplica-questionario-para-conhecer-o-perfil-dos-assentados\/","title":{"rendered":"Projeto RADIS-UFV aplica question\u00e1rio para conhecer o perfil dos assentados"},"content":{"rendered":"<p>[et_pb_section fb_built=&#8221;1&#8243; _builder_version=&#8221;3.0.47&#8243;][et_pb_row _builder_version=&#8221;3.0.94&#8243;][et_pb_column type=&#8221;3_4&#8243; _builder_version=&#8221;3.0.47&#8243; parallax=&#8221;off&#8221; parallax_method=&#8221;on&#8221;][et_pb_text _builder_version=&#8221;3.0.94&#8243;]04 de dezembro de 2018<\/p>\n<p>&nbsp;<\/p>\n<h4><strong>Projeto RADIS-UFV aplica question\u00e1rio para conhecer o perfil dos assentados<\/strong><\/h4>\n<p>[\/et_pb_text][et_pb_image src=&#8221;https:\/\/www.radisufv.com.br\/site\/wp-content\/uploads\/2018\/12\/04-12-question\u00e1rios.jpeg&#8221; _builder_version=&#8221;3.0.94&#8243;][\/et_pb_image][et_pb_text _builder_version=&#8221;3.0.94&#8243;]<\/p>\n<p style=\"text-align: justify;\">Os t\u00e9cnicos capacitados do Projeto de Regulariza\u00e7\u00e3o Ambiental e Diagn\u00f3stico dos Sistemas Agr\u00e1rios (RADIS-UFV) ir\u00e3o coletar, at\u00e9 2020, dados em 85 assentamentos rurais de oito estados brasileiros (Par\u00e1, Pernambuco, Alagoas, Goi\u00e1s, Mato Grosso, Mato Grosso do Sul, Minas Gerais e S\u00e3o Paulo), totalizando 9.400 fam\u00edlias. O objetivo \u00e9 de tra\u00e7ar o perfil dos assentados, com informa\u00e7\u00f5es sobre os moradores das propriedades, al\u00e9m do tipo do terreno e a produ\u00e7\u00e3o nele.<\/p>\n<p style=\"text-align: justify;\">O question\u00e1rio aborda aspectos sociais, econ\u00f4micos e ambientais das fam\u00edlias e dos projetos de assentamentos. Assim, ser\u00e3o disponibilizadas informa\u00e7\u00f5es qualificadas para as fam\u00edlias assentadas, de modo a auxiliar no planejamento das atividades desenvolvidas na propriedade e para contribuir nas discuss\u00f5es e reivindica\u00e7\u00f5es perante as entidades locais e regionais.<\/p>\n<p style=\"text-align: justify;\">Outro benef\u00edcio advindo do projeto ser\u00e1 o desenvolvimento de instrumentos capazes de auxiliar as equipes no processo de planejamentos, organiza\u00e7\u00e3o e acompanhamento de suas atividades, fornecendo dados sociais, ambientais e produtivos dos assentamentos.<\/p>\n<p style=\"text-align: justify;\">Essas iniciativas reafirmam o papel do Instituto Nacional de Coloniza\u00e7\u00e3o e Reforma Agr\u00e1ria (INCRA) como formulador de pol\u00edticas p\u00fablicas e tamb\u00e9m a import\u00e2ncia dos projetos de assentamento como geradores de desenvolvimento econ\u00f4mico e social em pequenas e m\u00e9dias cidades do pa\u00eds.<\/p>\n<p style=\"text-align: justify;\">Todos os dados coletados pelos t\u00e9cnicos de campo s\u00e3o enviados para o sistema RADIS e ser\u00e3o utilizados nos diagn\u00f3sticos e cadastramento dos assentamentos no Cadastro Ambiental Rural (CAR). At\u00e9 novembro deste ano, a atividade vem sendo realizada nos estados de Alagoas, Pernambuco, Mato Grosso e Mato Grosso do Sul \u2013 locais que j\u00e1 tiverem os t\u00e9cnicos capacitados.<\/p>\n<p style=\"text-align: justify;\">Quem tiver d\u00favida, reclama\u00e7\u00e3o, sugest\u00e3o ou at\u00e9 mesmo elogio sobre algo relacionado ao projeto pode entrar em contato pelo WhatsApp, no n\u00famero (61) 99402-2553, ou pelo e-mail <a href=\"mailto:comunica\u00e7\u00e3o.radis.ufv@gmail.com\">comunica\u00e7\u00e3o.radis.ufv@gmail.com<\/a>, al\u00e9m das redes sociais, no Facebook RADISUFV e Instagram @radis_ufv, e pelo espa\u00e7o \u2018contato\u2019 do site <a href=\"http:\/\/www.radisufv.com.br\">www.radisufv.com.br<\/a>. Durante as visitas em campo, o cidad\u00e3o tamb\u00e9m tem a possibilidade de preencher o formul\u00e1rio que fica com os t\u00e9cnicos.<\/p>\n<p>[\/et_pb_text][\/et_pb_column][et_pb_column type=&#8221;1_4&#8243; _builder_version=&#8221;3.0.47&#8243; parallax=&#8221;off&#8221; parallax_method=&#8221;on&#8221;][et_pb_social_media_follow follow_button=&#8221;on&#8221; _builder_version=&#8221;3.0.94&#8243;][et_pb_social_media_follow_network social_network=&#8221;facebook&#8221; url=&#8221;https:\/\/www.facebook.com\/radisufv&#8221; _builder_version=&#8221;3.0.94&#8243; background_color=&#8221;#3b5998&#8243; follow_button=&#8221;on&#8221; url_new_window=&#8221;on&#8221;] Facebook [\/et_pb_social_media_follow_network][et_pb_social_media_follow_network social_network=&#8221;instagram&#8221; url=&#8221;https:\/\/www.instagram.com\/radis_ufv\/&#8221; _builder_version=&#8221;3.0.94&#8243; background_color=&#8221;#8300e9&#8243; follow_button=&#8221;on&#8221; url_new_window=&#8221;on&#8221;] Instagram [\/et_pb_social_media_follow_network][\/et_pb_social_media_follow][\/et_pb_column][\/et_pb_row][\/et_pb_section]<\/p>\n","protected":false},"excerpt":{"rendered":"<p>[et_pb_section fb_built=&#8221;1&#8243; _builder_version=&#8221;3.0.47&#8243;][et_pb_row _builder_version=&#8221;3.0.94&#8243;][et_pb_column type=&#8221;3_4&#8243; _builder_version=&#8221;3.0.47&#8243; parallax=&#8221;off&#8221; parallax_method=&#8221;on&#8221;][et_pb_text _builder_version=&#8221;3.0.94&#8243;]04 de dezembro de 2018 &nbsp; Projeto RADIS-UFV aplica question\u00e1rio para conhecer o perfil dos assentados [\/et_pb_text][et_pb_image src=&#8221;https:\/\/www.radisufv.com.br\/site\/wp-content\/uploads\/2018\/12\/04-12-question\u00e1rios.jpeg&#8221; _builder_version=&#8221;3.0.94&#8243;][\/et_pb_image][et_pb_text _builder_version=&#8221;3.0.94&#8243;] Os t\u00e9cnicos capacitados do Projeto de Regulariza\u00e7\u00e3o Ambiental e Diagn\u00f3stico dos Sistemas Agr\u00e1rios (RADIS-UFV) ir\u00e3o coletar, at\u00e9 2020, dados em 85 assentamentos rurais de oito estados brasileiros [&hellip;]<\/p>\n","protected":false},"author":5,"featured_media":0,"parent":51982,"menu_order":0,"comment_status":"closed","ping_status":"closed","template":"","meta":[],"_links":{"self":[{"href":"https:\/\/www.radisufv.com.br\/site\/wp-json\/wp\/v2\/pages\/53348"}],"collection":[{"href":"https:\/\/www.radisufv.com.br\/site\/wp-json\/wp\/v2\/pages"}],"about":[{"href":"https:\/\/www.radisufv.com.br\/site\/wp-json\/wp\/v2\/types\/page"}],"author":[{"embeddable":true,"href":"https:\/\/www.radisufv.com.br\/site\/wp-json\/wp\/v2\/users\/5"}],"replies":[{"embeddable":true,"href":"https:\/\/www.radisufv.com.br\/site\/wp-json\/wp\/v2\/comments?post=53348"}],"version-history":[{"count":2,"href":"https:\/\/www.radisufv.com.br\/site\/wp-json\/wp\/v2\/pages\/53348\/revisions"}],"predecessor-version":[{"id":53357,"href":"https:\/\/www.radisufv.com.br\/site\/wp-json\/wp\/v2\/pages\/53348\/revisions\/53357"}],"up":[{"embeddable":true,"href":"https:\/\/www.radisufv.com.br\/site\/wp-json\/wp\/v2\/pages\/51982"}],"wp:attachment":[{"href":"https:\/\/www.radisufv.com.br\/site\/wp-json\/wp\/v2\/media?parent=53348"}],"curies":[{"name":"wp","href":"https:\/\/api.w.org\/{rel}","templated":true}]}}