{"id":53395,"date":"2018-12-18T10:31:09","date_gmt":"2018-12-18T12:31:09","guid":{"rendered":"https:\/\/www.radisufv.com.br\/site\/?page_id=53395"},"modified":"2018-12-18T10:38:47","modified_gmt":"2018-12-18T12:38:47","slug":"area-de-imovel-rural-deve-ser-destinada-para-reserva-legal","status":"publish","type":"page","link":"https:\/\/www.radisufv.com.br\/site\/biblioteca\/noticias-2\/area-de-imovel-rural-deve-ser-destinada-para-reserva-legal\/","title":{"rendered":"\u00c1rea de im\u00f3vel rural deve ser destinada para Reserva Legal."},"content":{"rendered":"<p>[et_pb_section fb_built=&#8221;1&#8243; _builder_version=&#8221;3.0.47&#8243;][et_pb_row _builder_version=&#8221;3.0.47&#8243; background_size=&#8221;initial&#8221; background_position=&#8221;top_left&#8221; background_repeat=&#8221;repeat&#8221;][et_pb_column type=&#8221;3_4&#8243; _builder_version=&#8221;3.0.47&#8243; parallax=&#8221;off&#8221; parallax_method=&#8221;on&#8221;][et_pb_text _builder_version=&#8221;3.0.94&#8243;]18 de dezembro de 2018<\/p>\n<p>&nbsp;<\/p>\n<h4><strong>\u00c1rea de im\u00f3vel rural deve ser destinada para Reserva Legal<\/strong><\/h4>\n<p>[\/et_pb_text][et_pb_image src=&#8221;https:\/\/www.radisufv.com.br\/site\/wp-content\/uploads\/2018\/12\/18-12-reserva-legal.jpg&#8221; _builder_version=&#8221;3.0.94&#8243; align=&#8221;center&#8221; max_width=&#8221;76%&#8221;][\/et_pb_image][et_pb_text _builder_version=&#8221;3.0.94&#8243;]<\/p>\n<p style=\"text-align: right;\"><span style=\"font-size: small;\"><em>Foto: Paulo Jares\/EXAME<\/em><\/span><\/p>\n<p style=\"text-align: center;\"><em>T\u00e9cnicos do projeto RADIS-UFV realizam a medi\u00e7\u00e3o da \u00e1rea em visitas t\u00e9cnicas<\/em><\/p>\n<p style=\"text-align: justify;\">\n<p style=\"text-align: justify;\">A defini\u00e7\u00e3o de Reserva Legal est\u00e1 no atual C\u00f3digo Florestal. Segundo a lei, uma propriedade ou posse rural deve ter uma \u00e1rea destinada para assegurar o uso econ\u00f4mico de modo sustent\u00e1vel dos recursos naturais do im\u00f3vel, al\u00e9m de ajudar na conserva\u00e7\u00e3o e reabilita\u00e7\u00e3o da biodiversidade. A explora\u00e7\u00e3o deste espa\u00e7o, que \u00e9 coberto por vegeta\u00e7\u00e3o natural, \u00e9 restrita, dependendo da legisla\u00e7\u00e3o para o bioma em que est\u00e1 a \u00e1rea.<\/p>\n<p style=\"text-align: justify;\">O im\u00f3vel localizado na Amaz\u00f4nia Legal deve destinar 80% do im\u00f3vel situado em \u00e1rea de florestas para a Reserva Legal, 35% para \u00e1rea de cerrado e 20% para regi\u00f5es de campos gerais. J\u00e1 propriedades localizadas nas demais regi\u00f5es do pa\u00eds: 20%.<\/p>\n<p style=\"text-align: justify;\">A Amaz\u00f4nia Legal compreende os estados do Acre, Par\u00e1, Amazonas, Roraima, Rond\u00f4nia, Amap\u00e1 e Mato Grosso e as regi\u00f5es situadas ao norte do paralelo 13\u00b0 S, dos Estados de Tocantins e Goi\u00e1s, e ao oeste do meridiano de 44\u00b0 W, do Estado do Maranh\u00e3o.<\/p>\n<p style=\"text-align: justify;\">Uma \u00c1rea de Preserva\u00e7\u00e3o Permanente (APP) tamb\u00e9m pode contar como Reserva Legal. Para incluir o im\u00f3vel rural no c\u00e1lculo percentual obrigat\u00f3rio \u00e9 preciso que, por exemplo, o benef\u00edcio previsto n\u00e3o implique a convers\u00e3o de novas \u00e1reas para o uso alternativo do solo, a \u00e1rea a ser computada esteja conservada ou em processo de recupera\u00e7\u00e3o, conforme comprova\u00e7\u00e3o, e o propriet\u00e1rio tenha solicitado inclus\u00e3o do im\u00f3vel no Cadastro Ambiental Rural (CAR).<\/p>\n<p style=\"text-align: justify;\">Cabe a todo propriet\u00e1rio rural o registro no \u00f3rg\u00e3o ambiental competente (estadual ou municipal) por meio de inscri\u00e7\u00e3o no CAR. As especificidades para o registro da reserva legal v\u00e3o depender da legisla\u00e7\u00e3o de cada Estado. Esta \u00e1rea de vegeta\u00e7\u00e3o nativa \u00e9 medida pelos t\u00e9cnicos do projeto RADIS-UFV durante as visitas t\u00e9cnicas. Quando n\u00e3o est\u00e3o do tamanho exigido, o espa\u00e7o tem que ser recuperado com plantio.<\/p>\n<p style=\"text-align: justify;\">Os t\u00e9cnicos capacitados do Projeto de Regulariza\u00e7\u00e3o Ambiental e Diagn\u00f3stico dos Sistemas Agr\u00e1rios (RADIS-UFV) ir\u00e3o coletar, at\u00e9 2020, dados em 85 assentamentos rurais de oito estados brasileiros (Par\u00e1, Pernambuco, Alagoas, Goi\u00e1s, Mato Grosso, Mato Grosso do Sul, Minas Gerais e S\u00e3o Paulo), totalizando 9.400 fam\u00edlias.<\/p>\n<p>&nbsp;<\/p>\n<p>[\/et_pb_text][\/et_pb_column][et_pb_column type=&#8221;1_4&#8243; _builder_version=&#8221;3.0.47&#8243; parallax=&#8221;off&#8221; parallax_method=&#8221;on&#8221;][et_pb_social_media_follow follow_button=&#8221;on&#8221; _builder_version=&#8221;3.0.94&#8243;][et_pb_social_media_follow_network social_network=&#8221;facebook&#8221; url=&#8221;https:\/\/www.facebook.com\/radisufv&#8221; _builder_version=&#8221;3.0.94&#8243; background_color=&#8221;#3b5998&#8243; follow_button=&#8221;on&#8221; url_new_window=&#8221;on&#8221;] Facebook [\/et_pb_social_media_follow_network][et_pb_social_media_follow_network social_network=&#8221;instagram&#8221; url=&#8221;https:\/\/www.instagram.com\/radis_ufv\/&#8221; _builder_version=&#8221;3.0.94&#8243; background_color=&#8221;#8300e9&#8243; follow_button=&#8221;on&#8221; url_new_window=&#8221;on&#8221;] Instagram [\/et_pb_social_media_follow_network][\/et_pb_social_media_follow][\/et_pb_column][\/et_pb_row][\/et_pb_section]<\/p>\n","protected":false},"excerpt":{"rendered":"<p>[et_pb_section fb_built=&#8221;1&#8243; _builder_version=&#8221;3.0.47&#8243;][et_pb_row _builder_version=&#8221;3.0.47&#8243; background_size=&#8221;initial&#8221; background_position=&#8221;top_left&#8221; background_repeat=&#8221;repeat&#8221;][et_pb_column type=&#8221;3_4&#8243; _builder_version=&#8221;3.0.47&#8243; parallax=&#8221;off&#8221; parallax_method=&#8221;on&#8221;][et_pb_text _builder_version=&#8221;3.0.94&#8243;]18 de dezembro de 2018 &nbsp; \u00c1rea de im\u00f3vel rural deve ser destinada para Reserva Legal [\/et_pb_text][et_pb_image src=&#8221;https:\/\/www.radisufv.com.br\/site\/wp-content\/uploads\/2018\/12\/18-12-reserva-legal.jpg&#8221; _builder_version=&#8221;3.0.94&#8243; align=&#8221;center&#8221; max_width=&#8221;76%&#8221;][\/et_pb_image][et_pb_text _builder_version=&#8221;3.0.94&#8243;] Foto: Paulo Jares\/EXAME T\u00e9cnicos do projeto RADIS-UFV realizam a medi\u00e7\u00e3o da \u00e1rea em visitas t\u00e9cnicas A defini\u00e7\u00e3o de Reserva Legal est\u00e1 no [&hellip;]<\/p>\n","protected":false},"author":5,"featured_media":0,"parent":51982,"menu_order":0,"comment_status":"closed","ping_status":"closed","template":"","meta":[],"_links":{"self":[{"href":"https:\/\/www.radisufv.com.br\/site\/wp-json\/wp\/v2\/pages\/53395"}],"collection":[{"href":"https:\/\/www.radisufv.com.br\/site\/wp-json\/wp\/v2\/pages"}],"about":[{"href":"https:\/\/www.radisufv.com.br\/site\/wp-json\/wp\/v2\/types\/page"}],"author":[{"embeddable":true,"href":"https:\/\/www.radisufv.com.br\/site\/wp-json\/wp\/v2\/users\/5"}],"replies":[{"embeddable":true,"href":"https:\/\/www.radisufv.com.br\/site\/wp-json\/wp\/v2\/comments?post=53395"}],"version-history":[{"count":4,"href":"https:\/\/www.radisufv.com.br\/site\/wp-json\/wp\/v2\/pages\/53395\/revisions"}],"predecessor-version":[{"id":53405,"href":"https:\/\/www.radisufv.com.br\/site\/wp-json\/wp\/v2\/pages\/53395\/revisions\/53405"}],"up":[{"embeddable":true,"href":"https:\/\/www.radisufv.com.br\/site\/wp-json\/wp\/v2\/pages\/51982"}],"wp:attachment":[{"href":"https:\/\/www.radisufv.com.br\/site\/wp-json\/wp\/v2\/media?parent=53395"}],"curies":[{"name":"wp","href":"https:\/\/api.w.org\/{rel}","templated":true}]}}