{"id":53437,"date":"2019-01-10T16:17:04","date_gmt":"2019-01-10T18:17:04","guid":{"rendered":"https:\/\/www.radisufv.com.br\/site\/?page_id=53437"},"modified":"2019-01-10T16:21:54","modified_gmt":"2019-01-10T18:21:54","slug":"projeto-radis-ufv-visita-29-assentamentos-rurais-em-2018","status":"publish","type":"page","link":"https:\/\/www.radisufv.com.br\/site\/biblioteca\/noticias-2\/projeto-radis-ufv-visita-29-assentamentos-rurais-em-2018\/","title":{"rendered":"Projeto RADIS-UFV visita 29 assentamentos rurais em 2018"},"content":{"rendered":"<p>[et_pb_section fb_built=&#8221;1&#8243; _builder_version=&#8221;3.0.47&#8243;][et_pb_row _builder_version=&#8221;3.0.47&#8243; background_size=&#8221;initial&#8221; background_position=&#8221;top_left&#8221; background_repeat=&#8221;repeat&#8221;][et_pb_column type=&#8221;3_4&#8243; _builder_version=&#8221;3.0.47&#8243; parallax=&#8221;off&#8221; parallax_method=&#8221;on&#8221;][et_pb_text _builder_version=&#8221;3.0.94&#8243;]10 de janeiro de 2019<\/p>\n<p>&nbsp;<\/p>\n<h4><strong>Projeto RADIS-UFV\u00a0visita 29 assentamentos rurais em 2018<\/strong><\/h4>\n<p>[\/et_pb_text][et_pb_image src=&#8221;https:\/\/www.radisufv.com.br\/site\/wp-content\/uploads\/2019\/01\/10-01-andamento-das-coletas.jpg&#8221; _builder_version=&#8221;3.0.94&#8243; align=&#8221;center&#8221;][\/et_pb_image][et_pb_text _builder_version=&#8221;3.0.94&#8243;]<\/p>\n<p style=\"text-align: right;\"><span style=\"font-size: x-small;\">Foto: Silvio\/ incra.gov.br<\/span><\/p>\n<p style=\"text-align: center;\"><em>As visitas de campo foram realizadas em 1.895 lotes de cinco estados<\/em><\/p>\n<p style=\"text-align: justify;\">O\u00a0Projeto de Regulariza\u00e7\u00e3o Ambiental e Diagn\u00f3stico dos Sistemas Agr\u00e1rios (RADIS-UFV)\u00a0visitou, at\u00e9 dezembro do ano passado, 1.895 lotes de 29 projetos de assentamentos (PA) dos estados de Alagoas, Pernambuco, Mato Grosso, Mato Grosso do Sul e Par\u00e1. O RADIS-UFV ir\u00e1\u00a0coletar, at\u00e9 2020, dados\u00a0de\u00a085\u00a0PA\u2019s, incluindo\u00a0mais outros\u00a0tr\u00eas\u00a0estados brasileiros, s\u00e3o eles:\u00a0Goi\u00e1s, Minas Gerais e S\u00e3o Paulo\u00a0\u2013 o que\u00a0totaliza 9.400 fam\u00edlias.<\/p>\n<p style=\"text-align: justify;\">O Par\u00e1 foi o estado com mais visitas at\u00e9 o per\u00edodo, com 627 lotes j\u00e1 contemplados em 3 projetos de assentamento. Alagoas vem logo em seguida com 526 lotes divididos em 10\u00a0PAs. Os estados de Mato Grosso e Mato Grosso do Sul tiveram 424 e 222 lotes visitados, respectivamente, em 7 projetos de assentamentos. Por fim, Pernambuco teve 96 lotes j\u00e1 contemplados, em 9\u00a0PAs.<\/p>\n<p style=\"text-align: justify;\">Dos\u00a01.895 lotes\u00a0visitados, 1.453\u00a0j\u00e1 est\u00e3o com as\u00a0coletas de dados\u00a0validadas. Os que n\u00e3o foram validados,\u00a0t\u00e9cnicos ir\u00e3o revistar\u00a0para confirma\u00e7\u00e3o\u00a0das informa\u00e7\u00f5es.\u00a0O\u00a0objetivo\u00a0das visitas t\u00e9cnicas\u00a0\u00e9 de tra\u00e7ar o perfil dos assentados, com informa\u00e7\u00f5es sobre os moradores das propriedades, al\u00e9m do tipo do terreno e a produ\u00e7\u00e3o nele, al\u00e9m da realiza\u00e7\u00e3o de uma avali\u00e7\u00e3o ambiental.<\/p>\n<p style=\"text-align: justify;\">Com as coletas de dados, ser\u00e3o disponibilizadas informa\u00e7\u00f5es qualificadas para as fam\u00edlias assentadas, de modo a auxiliar no planejamento das atividades desenvolvidas na propriedade e para contribuir nas discuss\u00f5es e reivindica\u00e7\u00f5es perante as entidades locais e regionais. Essas iniciativas reafirmam o papel do\u00a0Instituto Nacional de Coloniza\u00e7\u00e3o e Reforma Agr\u00e1ria (INCRA)\u00a0como formulador de pol\u00edticas p\u00fablicas e tamb\u00e9m a import\u00e2ncia dos projetos de assentamento como geradores de desenvolvimento econ\u00f4mico e social em pequenas e m\u00e9dias cidades do pa\u00eds.<\/p>\n<p style=\"text-align: justify;\">Todos os dados coletados pelos t\u00e9cnicos de campo s\u00e3o enviados para o sistema RADIS e ser\u00e3o utilizados nos diagn\u00f3sticos e cadastramento\u00a0dos assentamentos no Cadastro Ambiental Rural (CAR).\u00a0Quem tiver d\u00favida, reclama\u00e7\u00e3o, sugest\u00e3o ou at\u00e9 mesmo elogio sobre\u00a0algo relacionado ao projeto pode entrar em contato\u00a0pelo WhatsApp, no n\u00famero (61) 99402-2553, ou pelo e-mail\u00a0<u><a href=\"mailto:comunica%C3%A7%C3%A3o.radis.ufv@gmail.com\">comunica\u00e7\u00e3o.radis.ufv@gmail.com<\/a><\/u>, al\u00e9m das redes sociais, no Facebook RADISUFV e Instagram @radis_ufv, e pelo espa\u00e7o \u2018contato\u2019 do site\u00a0<u><a href=\"http:\/\/www.radisufv.com.br\/\">www.radisufv.com.br<\/a><\/u>.\u00a0Durante as visitas em campo,\u00a0o\u00a0cidad\u00e3o tamb\u00e9m tem a possibilidade de\u00a0preencher\u00a0o\u00a0formul\u00e1rio\u00a0que\u00a0fica\u00a0com os t\u00e9cnicos.<\/p>\n<p>[\/et_pb_text][\/et_pb_column][et_pb_column type=&#8221;1_4&#8243; _builder_version=&#8221;3.0.47&#8243; parallax=&#8221;off&#8221; parallax_method=&#8221;on&#8221;][et_pb_social_media_follow follow_button=&#8221;on&#8221; _builder_version=&#8221;3.0.94&#8243;][et_pb_social_media_follow_network social_network=&#8221;facebook&#8221; url=&#8221;http:\/\/www.facebook.com\/radisufv&#8221; _builder_version=&#8221;3.0.94&#8243; background_color=&#8221;#3b5998&#8243; follow_button=&#8221;on&#8221; url_new_window=&#8221;on&#8221;] Facebook [\/et_pb_social_media_follow_network][et_pb_social_media_follow_network social_network=&#8221;instagram&#8221; url=&#8221;http:\/\/www.instagram.com\/radis_ufv&#8221; _builder_version=&#8221;3.0.94&#8243; background_color=&#8221;#8300e9&#8243; follow_button=&#8221;on&#8221; url_new_window=&#8221;on&#8221;] Instagram [\/et_pb_social_media_follow_network][\/et_pb_social_media_follow][\/et_pb_column][\/et_pb_row][\/et_pb_section]<\/p>\n","protected":false},"excerpt":{"rendered":"<p>[et_pb_section fb_built=&#8221;1&#8243; _builder_version=&#8221;3.0.47&#8243;][et_pb_row _builder_version=&#8221;3.0.47&#8243; background_size=&#8221;initial&#8221; background_position=&#8221;top_left&#8221; background_repeat=&#8221;repeat&#8221;][et_pb_column type=&#8221;3_4&#8243; _builder_version=&#8221;3.0.47&#8243; parallax=&#8221;off&#8221; parallax_method=&#8221;on&#8221;][et_pb_text _builder_version=&#8221;3.0.94&#8243;]10 de janeiro de 2019 &nbsp; Projeto RADIS-UFV\u00a0visita 29 assentamentos rurais em 2018 [\/et_pb_text][et_pb_image src=&#8221;https:\/\/www.radisufv.com.br\/site\/wp-content\/uploads\/2019\/01\/10-01-andamento-das-coletas.jpg&#8221; _builder_version=&#8221;3.0.94&#8243; align=&#8221;center&#8221;][\/et_pb_image][et_pb_text _builder_version=&#8221;3.0.94&#8243;] Foto: Silvio\/ incra.gov.br As visitas de campo foram realizadas em 1.895 lotes de cinco estados O\u00a0Projeto de Regulariza\u00e7\u00e3o Ambiental e Diagn\u00f3stico dos Sistemas Agr\u00e1rios (RADIS-UFV)\u00a0visitou, at\u00e9 [&hellip;]<\/p>\n","protected":false},"author":5,"featured_media":0,"parent":51982,"menu_order":0,"comment_status":"closed","ping_status":"closed","template":"","meta":[],"_links":{"self":[{"href":"https:\/\/www.radisufv.com.br\/site\/wp-json\/wp\/v2\/pages\/53437"}],"collection":[{"href":"https:\/\/www.radisufv.com.br\/site\/wp-json\/wp\/v2\/pages"}],"about":[{"href":"https:\/\/www.radisufv.com.br\/site\/wp-json\/wp\/v2\/types\/page"}],"author":[{"embeddable":true,"href":"https:\/\/www.radisufv.com.br\/site\/wp-json\/wp\/v2\/users\/5"}],"replies":[{"embeddable":true,"href":"https:\/\/www.radisufv.com.br\/site\/wp-json\/wp\/v2\/comments?post=53437"}],"version-history":[{"count":3,"href":"https:\/\/www.radisufv.com.br\/site\/wp-json\/wp\/v2\/pages\/53437\/revisions"}],"predecessor-version":[{"id":53445,"href":"https:\/\/www.radisufv.com.br\/site\/wp-json\/wp\/v2\/pages\/53437\/revisions\/53445"}],"up":[{"embeddable":true,"href":"https:\/\/www.radisufv.com.br\/site\/wp-json\/wp\/v2\/pages\/51982"}],"wp:attachment":[{"href":"https:\/\/www.radisufv.com.br\/site\/wp-json\/wp\/v2\/media?parent=53437"}],"curies":[{"name":"wp","href":"https:\/\/api.w.org\/{rel}","templated":true}]}}