{"id":53447,"date":"2019-01-14T16:07:11","date_gmt":"2019-01-14T18:07:11","guid":{"rendered":"https:\/\/www.radisufv.com.br\/site\/?page_id=53447"},"modified":"2019-01-14T16:21:41","modified_gmt":"2019-01-14T18:21:41","slug":"entrevista-radio-montanhesa","status":"publish","type":"page","link":"https:\/\/www.radisufv.com.br\/site\/biblioteca\/noticias-2\/entrevista-radio-montanhesa\/","title":{"rendered":"Entrevista R\u00e1dio Montanhesa"},"content":{"rendered":"<p>[et_pb_section fb_built=&#8221;1&#8243; _builder_version=&#8221;3.0.47&#8243;][et_pb_row _builder_version=&#8221;3.0.47&#8243; background_size=&#8221;initial&#8221; background_position=&#8221;top_left&#8221; background_repeat=&#8221;repeat&#8221;][et_pb_column type=&#8221;3_4&#8243; _builder_version=&#8221;3.0.47&#8243; parallax=&#8221;off&#8221; parallax_method=&#8221;on&#8221;][et_pb_text _builder_version=&#8221;3.0.94&#8243;]<\/p>\n<p>14 de janeiro de 2019<\/p>\n<p>&nbsp;<\/p>\n<h4>Projeto RADIS-UFV concede entrevista \u00e0 R\u00e1dio Montanhesa<\/h4>\n<p>[\/et_pb_text][et_pb_image src=&#8221;https:\/\/www.radisufv.com.br\/site\/wp-content\/uploads\/2019\/01\/Entrevista-R\u00e1dio-Montanhosa.jpeg&#8221; align=&#8221;center&#8221; _builder_version=&#8221;3.0.94&#8243; max_width=&#8221;75%&#8221;][\/et_pb_image][et_pb_text _builder_version=&#8221;3.0.94&#8243;]<\/p>\n<p style=\"text-align: justify;\">No dia 07 de janeiro, a R\u00e1dio Montanhesa de Vi\u00e7osa\/MG, convidou a equipe do Projeto RADIS-UFV para se apresentar no quadro \u201cProjetos do Bem\u201d.<\/p>\n<p style=\"text-align: justify;\">Representando a equipe do Projeto RADIS-UFV, a doutoranda Juliana Lorentz deu entrevista \u00e0 r\u00e1dio, explicando os principais objetivos do projeto, como s\u00e3o realizados os trabalhos e as expectativas da iniciativa para o ano de 2019.<\/p>\n<p style=\"text-align: justify;\">Al\u00e9m das informa\u00e7\u00f5es quanto ao projeto, tamb\u00e9m foi explicado a participa\u00e7\u00e3o da Universidade Federal de Vi<span class=\"text_exposed_show\">\u00e7osa na produ\u00e7\u00e3o acad\u00eamica, a partir dos dados coletados no projeto.<\/span><\/p>\n<p>[\/et_pb_text][et_pb_audio audio=&#8221;https:\/\/www.radisufv.com.br\/site\/wp-content\/uploads\/2019\/01\/RADIS-mp3cut.net-4-1.mp3&#8243; title=&#8221;Entrevista &#8211; Parte 1&#8243; _builder_version=&#8221;3.0.94&#8243; title_font=&#8221;||||||||&#8221; title_font_size=&#8221;20px&#8221; title_line_height=&#8221;0em&#8221; max_width=&#8221;80%&#8221; background_color=&#8221;#1b8e24&#8243;][\/et_pb_audio][et_pb_audio audio=&#8221;https:\/\/www.radisufv.com.br\/site\/wp-content\/uploads\/2019\/01\/RADIS-mp3cut.net-5-1.mp3&#8243; title=&#8221;Entrevista &#8211; Parte 2&#8243; _builder_version=&#8221;3.0.94&#8243; title_font=&#8221;||||||||&#8221; title_font_size=&#8221;20&#8243; title_line_height=&#8221;0em&#8221; caption_font=&#8221;||||||||&#8221; caption_line_height=&#8221;0em&#8221; max_width=&#8221;80%&#8221; background_color=&#8221;#1b8e24&#8243;][\/et_pb_audio][\/et_pb_column][et_pb_column type=&#8221;1_4&#8243; _builder_version=&#8221;3.0.47&#8243; parallax=&#8221;off&#8221; parallax_method=&#8221;on&#8221;][et_pb_social_media_follow follow_button=&#8221;on&#8221; _builder_version=&#8221;3.0.94&#8243;][et_pb_social_media_follow_network social_network=&#8221;facebook&#8221; url=&#8221;http:\/\/www.facebook.com\/radisufv&#8221; _builder_version=&#8221;3.0.94&#8243; background_color=&#8221;#3b5998&#8243; follow_button=&#8221;on&#8221; url_new_window=&#8221;on&#8221;] Facebook [\/et_pb_social_media_follow_network][et_pb_social_media_follow_network social_network=&#8221;instagram&#8221; url=&#8221;http:\/\/www.instagram\/radis_ufv&#8221; _builder_version=&#8221;3.0.94&#8243; background_color=&#8221;#8300e9&#8243; follow_button=&#8221;on&#8221; url_new_window=&#8221;on&#8221;] Instagram [\/et_pb_social_media_follow_network][\/et_pb_social_media_follow][\/et_pb_column][\/et_pb_row][\/et_pb_section]<\/p>\n","protected":false},"excerpt":{"rendered":"<p>[et_pb_section fb_built=&#8221;1&#8243; _builder_version=&#8221;3.0.47&#8243;][et_pb_row _builder_version=&#8221;3.0.47&#8243; background_size=&#8221;initial&#8221; background_position=&#8221;top_left&#8221; background_repeat=&#8221;repeat&#8221;][et_pb_column type=&#8221;3_4&#8243; _builder_version=&#8221;3.0.47&#8243; parallax=&#8221;off&#8221; parallax_method=&#8221;on&#8221;][et_pb_text _builder_version=&#8221;3.0.94&#8243;] 14 de janeiro de 2019 &nbsp; Projeto RADIS-UFV concede entrevista \u00e0 R\u00e1dio Montanhesa [\/et_pb_text][et_pb_image src=&#8221;https:\/\/www.radisufv.com.br\/site\/wp-content\/uploads\/2019\/01\/Entrevista-R\u00e1dio-Montanhosa.jpeg&#8221; align=&#8221;center&#8221; _builder_version=&#8221;3.0.94&#8243; max_width=&#8221;75%&#8221;][\/et_pb_image][et_pb_text _builder_version=&#8221;3.0.94&#8243;] No dia 07 de janeiro, a R\u00e1dio Montanhesa de Vi\u00e7osa\/MG, convidou a equipe do Projeto RADIS-UFV para se apresentar no quadro \u201cProjetos do Bem\u201d. [&hellip;]<\/p>\n","protected":false},"author":5,"featured_media":0,"parent":51982,"menu_order":0,"comment_status":"closed","ping_status":"closed","template":"","meta":[],"_links":{"self":[{"href":"https:\/\/www.radisufv.com.br\/site\/wp-json\/wp\/v2\/pages\/53447"}],"collection":[{"href":"https:\/\/www.radisufv.com.br\/site\/wp-json\/wp\/v2\/pages"}],"about":[{"href":"https:\/\/www.radisufv.com.br\/site\/wp-json\/wp\/v2\/types\/page"}],"author":[{"embeddable":true,"href":"https:\/\/www.radisufv.com.br\/site\/wp-json\/wp\/v2\/users\/5"}],"replies":[{"embeddable":true,"href":"https:\/\/www.radisufv.com.br\/site\/wp-json\/wp\/v2\/comments?post=53447"}],"version-history":[{"count":7,"href":"https:\/\/www.radisufv.com.br\/site\/wp-json\/wp\/v2\/pages\/53447\/revisions"}],"predecessor-version":[{"id":53459,"href":"https:\/\/www.radisufv.com.br\/site\/wp-json\/wp\/v2\/pages\/53447\/revisions\/53459"}],"up":[{"embeddable":true,"href":"https:\/\/www.radisufv.com.br\/site\/wp-json\/wp\/v2\/pages\/51982"}],"wp:attachment":[{"href":"https:\/\/www.radisufv.com.br\/site\/wp-json\/wp\/v2\/media?parent=53447"}],"curies":[{"name":"wp","href":"https:\/\/api.w.org\/{rel}","templated":true}]}}