{"id":53481,"date":"2019-01-24T14:28:48","date_gmt":"2019-01-24T16:28:48","guid":{"rendered":"https:\/\/www.radisufv.com.br\/site\/?page_id=53481"},"modified":"2019-01-24T14:34:34","modified_gmt":"2019-01-24T16:34:34","slug":"incra-executa-reforma-agraria-e-ordenamento-fundiario-nacional","status":"publish","type":"page","link":"https:\/\/www.radisufv.com.br\/site\/biblioteca\/noticias-2\/incra-executa-reforma-agraria-e-ordenamento-fundiario-nacional\/","title":{"rendered":"Incra executa reforma agr\u00e1ria e ordenamento fundi\u00e1rio nacional"},"content":{"rendered":"<p>[et_pb_section fb_built=&#8221;1&#8243; _builder_version=&#8221;3.0.47&#8243;][et_pb_row _builder_version=&#8221;3.0.47&#8243; background_size=&#8221;initial&#8221; background_position=&#8221;top_left&#8221; background_repeat=&#8221;repeat&#8221;][et_pb_column type=&#8221;3_4&#8243; _builder_version=&#8221;3.0.47&#8243; parallax=&#8221;off&#8221; parallax_method=&#8221;on&#8221;][et_pb_text _builder_version=&#8221;3.0.94&#8243;]24 de janeiro de 2019<\/p>\n<p>&nbsp;<\/p>\n<h4><strong>Incra executa reforma agr\u00e1ria e ordenamento fundi\u00e1rio nacional<\/strong><\/h4>\n<p>[\/et_pb_text][et_pb_image src=&#8221;https:\/\/www.radisufv.com.br\/site\/wp-content\/uploads\/2019\/01\/26-01-incra2.png&#8221; _builder_version=&#8221;3.0.94&#8243; align=&#8221;center&#8221;][\/et_pb_image][et_pb_text _builder_version=&#8221;3.0.94&#8243;]<\/p>\n<p style=\"text-align: center;\"><em>Em parceria com a UFV, o Instituto ir\u00e1 coletar dados de 85 assentamentos rurais de 9.400 fam\u00edlias at\u00e9 2020<\/em><\/p>\n<p style=\"text-align: justify;\">O Instituto Nacional de Coloniza\u00e7\u00e3o e Reforma Agr\u00e1ria (Incra) \u00e9 uma autarquia federal, cuja miss\u00e3o priorit\u00e1ria \u00e9 executar a reforma agr\u00e1ria e realizar o ordenamento fundi\u00e1rio nacional. Criado pelo Decreto n\u00ba 1.110, de 9 de julho de 1970, atualmente o Incra est\u00e1 implantado em todo o territ\u00f3rio brasileiro por meio de 30 superintend\u00eancias regionais.<\/p>\n<p style=\"text-align: justify;\">Por medida provis\u00f3ria e decreto assinados pelo presidente Jair Bolsonaro, o Incra saiu da Casa Civil da Presid\u00eancia, onde esteve desde 2016, e passou a pertencer ao Minist\u00e9rio da Agricultura &#8211; pasta comandada pela ministra Tereza Cristina. Atualmente, cinco diretrizes estrat\u00e9gicas guiam a implementa\u00e7\u00e3o da reforma agr\u00e1ria: democratiza\u00e7\u00e3o do acesso \u00e0 terra, participa\u00e7\u00e3o social, fiscaliza\u00e7\u00e3o da fun\u00e7\u00e3o social, qualifica\u00e7\u00e3o dos assentamentos e titula\u00e7\u00e3o dos territ\u00f3rios quilombolas e regulariza\u00e7\u00e3o fundi\u00e1ria.<\/p>\n<p style=\"text-align: justify;\"><strong>RADIS-UFV<\/strong><\/p>\n<p style=\"text-align: justify;\">Como uma ferramenta para regulariza\u00e7\u00e3o ambiental de assentamentos da reforma agr\u00e1ria, o Incra utiliza o projeto RADIS &#8211; Regulariza\u00e7\u00e3o Ambiental e Diagn\u00f3stico de Sistemas. Essa metodologia de trabalho realiza o levantamento e sistematiza\u00e7\u00e3o de informa\u00e7\u00f5es socioambientais. No caso do trabalho realizado pela Universidade Federal de Vi\u00e7osa (UFV), o projeto iniciou em maio de 2018 e ir\u00e1 coletar, at\u00e9 2020, dados de 85 projetos de assentamentos (PA\u2019s).<\/p>\n<p style=\"text-align: justify;\">No total, o RADIS-UFV ir\u00e1 visitar 9.400 fam\u00edlias de oito estados brasileiros, s\u00e3o eles: Alagoas, Pernambuco, Mato Grosso, Mato Grosso do Sul, Par\u00e1, Goi\u00e1s, Minas Gerais e S\u00e3o Paulo. At\u00e9 dezembro de 2018, 1.895 lotes de 29 PA\u2019s j\u00e1 foram visitados por t\u00e9cnicos do projeto.<\/p>\n<p style=\"text-align: justify;\">Com as coletas de dados, s\u00e3o disponibilizadas informa\u00e7\u00f5es qualificadas para as fam\u00edlias assentadas, de modo a auxiliar no planejamento das atividades desenvolvidas na propriedade e para contribuir nas discuss\u00f5es e reivindica\u00e7\u00f5es perante as entidades locais e regionais. Essas iniciativas reafirmam o papel do Incra como formulador de pol\u00edticas p\u00fablicas e tamb\u00e9m a import\u00e2ncia dos projetos de assentamento como geradores de desenvolvimento econ\u00f4mico e social em pequenas e m\u00e9dias cidades do pa\u00eds.<\/p>\n<p style=\"text-align: justify;\">Todos os dados coletados pelos t\u00e9cnicos de campo s\u00e3o enviados para o sistema RADIS e ser\u00e3o utilizados nos diagn\u00f3sticos e cadastramento dos assentamentos no Cadastro Ambiental Rural (CAR).<\/p>\n<p>[\/et_pb_text][\/et_pb_column][et_pb_column type=&#8221;1_4&#8243; _builder_version=&#8221;3.0.47&#8243; parallax=&#8221;off&#8221; parallax_method=&#8221;on&#8221;][et_pb_social_media_follow follow_button=&#8221;on&#8221; _builder_version=&#8221;3.0.94&#8243;][et_pb_social_media_follow_network social_network=&#8221;facebook&#8221; url=&#8221;http:\/\/www.facebook.com\/radisufv&#8221; _builder_version=&#8221;3.0.94&#8243; background_color=&#8221;#3b5998&#8243; follow_button=&#8221;on&#8221; url_new_window=&#8221;on&#8221;] Facebook [\/et_pb_social_media_follow_network][et_pb_social_media_follow_network social_network=&#8221;instagram&#8221; url=&#8221;http:\/\/www.instagram.com\/radis_ufv&#8221; _builder_version=&#8221;3.0.94&#8243; background_color=&#8221;#8300e9&#8243; follow_button=&#8221;on&#8221; url_new_window=&#8221;on&#8221;] Instagram [\/et_pb_social_media_follow_network][\/et_pb_social_media_follow][\/et_pb_column][\/et_pb_row][\/et_pb_section]<\/p>\n","protected":false},"excerpt":{"rendered":"<p>[et_pb_section fb_built=&#8221;1&#8243; _builder_version=&#8221;3.0.47&#8243;][et_pb_row _builder_version=&#8221;3.0.47&#8243; background_size=&#8221;initial&#8221; background_position=&#8221;top_left&#8221; background_repeat=&#8221;repeat&#8221;][et_pb_column type=&#8221;3_4&#8243; _builder_version=&#8221;3.0.47&#8243; parallax=&#8221;off&#8221; parallax_method=&#8221;on&#8221;][et_pb_text _builder_version=&#8221;3.0.94&#8243;]24 de janeiro de 2019 &nbsp; Incra executa reforma agr\u00e1ria e ordenamento fundi\u00e1rio nacional [\/et_pb_text][et_pb_image src=&#8221;https:\/\/www.radisufv.com.br\/site\/wp-content\/uploads\/2019\/01\/26-01-incra2.png&#8221; _builder_version=&#8221;3.0.94&#8243; align=&#8221;center&#8221;][\/et_pb_image][et_pb_text _builder_version=&#8221;3.0.94&#8243;] Em parceria com a UFV, o Instituto ir\u00e1 coletar dados de 85 assentamentos rurais de 9.400 fam\u00edlias at\u00e9 2020 O Instituto Nacional de Coloniza\u00e7\u00e3o e [&hellip;]<\/p>\n","protected":false},"author":5,"featured_media":0,"parent":51982,"menu_order":0,"comment_status":"closed","ping_status":"closed","template":"","meta":[],"_links":{"self":[{"href":"https:\/\/www.radisufv.com.br\/site\/wp-json\/wp\/v2\/pages\/53481"}],"collection":[{"href":"https:\/\/www.radisufv.com.br\/site\/wp-json\/wp\/v2\/pages"}],"about":[{"href":"https:\/\/www.radisufv.com.br\/site\/wp-json\/wp\/v2\/types\/page"}],"author":[{"embeddable":true,"href":"https:\/\/www.radisufv.com.br\/site\/wp-json\/wp\/v2\/users\/5"}],"replies":[{"embeddable":true,"href":"https:\/\/www.radisufv.com.br\/site\/wp-json\/wp\/v2\/comments?post=53481"}],"version-history":[{"count":2,"href":"https:\/\/www.radisufv.com.br\/site\/wp-json\/wp\/v2\/pages\/53481\/revisions"}],"predecessor-version":[{"id":53489,"href":"https:\/\/www.radisufv.com.br\/site\/wp-json\/wp\/v2\/pages\/53481\/revisions\/53489"}],"up":[{"embeddable":true,"href":"https:\/\/www.radisufv.com.br\/site\/wp-json\/wp\/v2\/pages\/51982"}],"wp:attachment":[{"href":"https:\/\/www.radisufv.com.br\/site\/wp-json\/wp\/v2\/media?parent=53481"}],"curies":[{"name":"wp","href":"https:\/\/api.w.org\/{rel}","templated":true}]}}