{"id":53514,"date":"2019-02-14T10:01:45","date_gmt":"2019-02-14T12:01:45","guid":{"rendered":"https:\/\/www.radisufv.com.br\/site\/?page_id=53514"},"modified":"2019-02-14T10:05:51","modified_gmt":"2019-02-14T12:05:51","slug":"codigo-florestal-saiba-o-que-diz-a-lei","status":"publish","type":"page","link":"https:\/\/www.radisufv.com.br\/site\/biblioteca\/noticias-2\/codigo-florestal-saiba-o-que-diz-a-lei\/","title":{"rendered":"C\u00f3digo Florestal: saiba o que diz a lei"},"content":{"rendered":"<p>[et_pb_section fb_built=&#8221;1&#8243; _builder_version=&#8221;3.0.47&#8243;][et_pb_row _builder_version=&#8221;3.0.47&#8243; background_size=&#8221;initial&#8221; background_position=&#8221;top_left&#8221; background_repeat=&#8221;repeat&#8221;][et_pb_column type=&#8221;3_4&#8243; _builder_version=&#8221;3.0.47&#8243; parallax=&#8221;off&#8221; parallax_method=&#8221;on&#8221;][et_pb_text _builder_version=&#8221;3.0.94&#8243;]14 de fevereiro de 2019<\/p>\n<p>&nbsp;<\/p>\n<h4><strong>C\u00f3digo Florestal: saiba o que diz a lei<\/strong><\/h4>\n<p>[\/et_pb_text][et_pb_image src=&#8221;https:\/\/www.radisufv.com.br\/site\/wp-content\/uploads\/2019\/02\/15-02-C\u00f3digo-Florestal.jpg&#8221; _builder_version=&#8221;3.0.94&#8243; align=&#8221;center&#8221;][\/et_pb_image][et_pb_text _builder_version=&#8221;3.0.94&#8243;]<\/p>\n<p style=\"text-align: right;\"><span style=\"color: #000000; font-size: x-small;\"><em>Foto:\u00a0<a href=\"https:\/\/unsplash.com\/photos\/dEOC8M_lmxI?utm_source=unsplash&amp;utm_medium=referral&amp;utm_content=creditCopyText\" style=\"color: #000000;\">Spencer Watson<\/a><\/em><\/span><\/p>\n<p style=\"text-align: center;\"><em>A legisla\u00e7\u00e3o estabelece normas protetivas de vegeta\u00e7\u00f5es nativas<\/em><\/p>\n<p style=\"text-align: justify;\">O novo C\u00f3digo Florestal \u2013 termo popularmente dado a Lei 12.651, de 25 de maio de 2012 &#8211; estabelece normas sobre a Prote\u00e7\u00e3o da Vegeta\u00e7\u00e3o Nativa. Isso inclui as \u00c1reas de Preserva\u00e7\u00e3o Permanente, de Reserva Legal e de Uso Restrito. A legisla\u00e7\u00e3o contempla tamb\u00e9m a explora\u00e7\u00e3o florestal, o suprimento de mat\u00e9ria-prima florestal, o controle da origem dos produtos florestais e dos inc\u00eandios florestais, al\u00e9m da previs\u00e3o de instrumentos econ\u00f4micos e financeiros para o alcance de seus objetivos.<\/p>\n<p style=\"text-align: justify;\">O texto original foi modificado em alguns pontos em outubro de 2012. Uma das mudan\u00e7as foi a cria\u00e7\u00e3o do Cadastro Ambiental Rural (CAR) e a previs\u00e3o de implanta\u00e7\u00e3o do Programa de Regulariza\u00e7\u00e3o Ambiental (PRA) em todo o pa\u00eds. Com o CAR, o Governo Federal e \u00f3rg\u00e3os ambientais estaduais tem a possibilidade de conhecer a localiza\u00e7\u00e3o de cada im\u00f3vel rural e a situa\u00e7\u00e3o ambiental dele. J\u00e1 o PRA permite que os estados orientem e acompanhem os produtores rurais na elabora\u00e7\u00e3o e implementa\u00e7\u00e3o das a\u00e7\u00f5es em \u00e1reas com passivos, seja em \u00c1reas de Preserva\u00e7\u00e3o Permanente, de Reserva Legal ou de Uso Restrito.<\/p>\n<p style=\"text-align: justify;\">Al\u00e9m da cria\u00e7\u00e3o do CAR e PRA, o novo C\u00f3digo Florestal trouxe uma s\u00e9rie de benef\u00edcios para o agricultor familiar ou detentor de pequena propriedade rural. Por exemplo, as regras diferenciadas e baseadas no tamanho do im\u00f3vel em m\u00f3dulos fiscais para a regulariza\u00e7\u00e3o das \u00c1reas de Preserva\u00e7\u00e3o Permanente e a regulariza\u00e7\u00e3o da Reserva Legal para propriedades e posses rurais com at\u00e9 4 m\u00f3dulos fiscais.<\/p>\n<p style=\"text-align: justify;\"><strong>CAR<\/strong><\/p>\n<p style=\"text-align: justify;\">O Cadastro Ambiental Rural \u2013 CAR \u00e9 um registro p\u00fablico eletr\u00f4nico de \u00e2mbito nacional, obrigat\u00f3rio para todos os im\u00f3veis rurais, com a finalidade de integrar as informa\u00e7\u00f5es ambientais das propriedades e posses rurais. Dentre essas informa\u00e7\u00f5es est\u00e3o referidas as \u00c1reas de Preserva\u00e7\u00e3o Permanente \u2013 APP, de uso restrito, de Reserva Legal, de remanescentes de florestas e demais formas de vegeta\u00e7\u00e3o nativa, compondo, assim, uma base de dados para facilitar o controle, o monitoramento e o planejamento ambiental e econ\u00f4mico como forma de combate ao desmatamento.<\/p>\n<p style=\"text-align: justify;\">A inscri\u00e7\u00e3o no CAR \u00e9 o primeiro passo para obten\u00e7\u00e3o da regularidade ambiental do im\u00f3vel, e contempla: dados do propriet\u00e1rio, possuidor ou respons\u00e1vel direto pelo im\u00f3vel rural; dados sobre os documentos de comprova\u00e7\u00e3o de propriedade e ou posse; e informa\u00e7\u00f5es georreferenciadas do per\u00edmetro, com a informa\u00e7\u00e3o da localiza\u00e7\u00e3o dos remanescentes de vegeta\u00e7\u00e3o nativa, das \u00c1reas de Preserva\u00e7\u00e3o Permanente, das \u00e1reas de Uso Restrito e consolidadas, al\u00e9m das Reservas Legais.<\/p>\n<p style=\"text-align: justify;\">O Projeto RADIS-UFV busca elaborar Cadastro Ambiental Rural de 9.400 fam\u00edlias em assentamentos da Reforma Agr\u00e1ria localizados nos estados do Par\u00e1, Pernambuco, Alagoas, Goi\u00e1s, Mato Grosso, Mato Grosso do Sul, Minas Gerais e S\u00e3o Paulo.<\/p>\n<p>&nbsp;<\/p>\n<p>[\/et_pb_text][\/et_pb_column][et_pb_column type=&#8221;1_4&#8243; _builder_version=&#8221;3.0.47&#8243; parallax=&#8221;off&#8221; parallax_method=&#8221;on&#8221;][et_pb_social_media_follow follow_button=&#8221;on&#8221; _builder_version=&#8221;3.0.94&#8243;][et_pb_social_media_follow_network social_network=&#8221;facebook&#8221; url=&#8221;http:\/\/www.facebook.com\/radisufv&#8221; _builder_version=&#8221;3.0.94&#8243; background_color=&#8221;#3b5998&#8243; follow_button=&#8221;on&#8221; url_new_window=&#8221;on&#8221;] Facebook [\/et_pb_social_media_follow_network][et_pb_social_media_follow_network social_network=&#8221;instagram&#8221; url=&#8221;http:\/\/www.instagram.com\/radis_ufv&#8221; _builder_version=&#8221;3.0.94&#8243; background_color=&#8221;#8300e9&#8243; follow_button=&#8221;on&#8221; url_new_window=&#8221;on&#8221;] Instagram [\/et_pb_social_media_follow_network][\/et_pb_social_media_follow][\/et_pb_column][\/et_pb_row][\/et_pb_section]<\/p>\n","protected":false},"excerpt":{"rendered":"<p>[et_pb_section fb_built=&#8221;1&#8243; _builder_version=&#8221;3.0.47&#8243;][et_pb_row _builder_version=&#8221;3.0.47&#8243; background_size=&#8221;initial&#8221; background_position=&#8221;top_left&#8221; background_repeat=&#8221;repeat&#8221;][et_pb_column type=&#8221;3_4&#8243; _builder_version=&#8221;3.0.47&#8243; parallax=&#8221;off&#8221; parallax_method=&#8221;on&#8221;][et_pb_text _builder_version=&#8221;3.0.94&#8243;]14 de fevereiro de 2019 &nbsp; C\u00f3digo Florestal: saiba o que diz a lei [\/et_pb_text][et_pb_image src=&#8221;https:\/\/www.radisufv.com.br\/site\/wp-content\/uploads\/2019\/02\/15-02-C\u00f3digo-Florestal.jpg&#8221; _builder_version=&#8221;3.0.94&#8243; align=&#8221;center&#8221;][\/et_pb_image][et_pb_text _builder_version=&#8221;3.0.94&#8243;] Foto:\u00a0Spencer Watson A legisla\u00e7\u00e3o estabelece normas protetivas de vegeta\u00e7\u00f5es nativas O novo C\u00f3digo Florestal \u2013 termo popularmente dado a Lei 12.651, de 25 de maio [&hellip;]<\/p>\n","protected":false},"author":5,"featured_media":0,"parent":51982,"menu_order":0,"comment_status":"closed","ping_status":"closed","template":"","meta":[],"_links":{"self":[{"href":"https:\/\/www.radisufv.com.br\/site\/wp-json\/wp\/v2\/pages\/53514"}],"collection":[{"href":"https:\/\/www.radisufv.com.br\/site\/wp-json\/wp\/v2\/pages"}],"about":[{"href":"https:\/\/www.radisufv.com.br\/site\/wp-json\/wp\/v2\/types\/page"}],"author":[{"embeddable":true,"href":"https:\/\/www.radisufv.com.br\/site\/wp-json\/wp\/v2\/users\/5"}],"replies":[{"embeddable":true,"href":"https:\/\/www.radisufv.com.br\/site\/wp-json\/wp\/v2\/comments?post=53514"}],"version-history":[{"count":2,"href":"https:\/\/www.radisufv.com.br\/site\/wp-json\/wp\/v2\/pages\/53514\/revisions"}],"predecessor-version":[{"id":53522,"href":"https:\/\/www.radisufv.com.br\/site\/wp-json\/wp\/v2\/pages\/53514\/revisions\/53522"}],"up":[{"embeddable":true,"href":"https:\/\/www.radisufv.com.br\/site\/wp-json\/wp\/v2\/pages\/51982"}],"wp:attachment":[{"href":"https:\/\/www.radisufv.com.br\/site\/wp-json\/wp\/v2\/media?parent=53514"}],"curies":[{"name":"wp","href":"https:\/\/api.w.org\/{rel}","templated":true}]}}