{"id":53555,"date":"2019-02-20T13:51:14","date_gmt":"2019-02-20T16:51:14","guid":{"rendered":"https:\/\/www.radisufv.com.br\/site\/?page_id=53555"},"modified":"2019-02-27T17:51:37","modified_gmt":"2019-02-27T20:51:37","slug":"entenda-como-usar-as-areas-de-uso-restrito","status":"publish","type":"page","link":"https:\/\/www.radisufv.com.br\/site\/biblioteca\/noticias-2\/entenda-como-usar-as-areas-de-uso-restrito\/","title":{"rendered":"Entenda como usar as \u00c1reas de Uso Restrito"},"content":{"rendered":"<p>[et_pb_section bb_built=&#8221;1&#8243; _builder_version=&#8221;3.0.47&#8243;][et_pb_row _builder_version=&#8221;3.0.47&#8243; background_size=&#8221;initial&#8221; background_position=&#8221;top_left&#8221; background_repeat=&#8221;repeat&#8221;][et_pb_column type=&#8221;3_4&#8243;][et_pb_text _builder_version=&#8221;3.0.94&#8243;] 20 de fevereiro de 2019<\/p>\n<p>&nbsp;<\/p>\n<h4><strong>Entenda como usar as \u00c1reas de Uso Restrito<\/strong><\/h4>\n<p>[\/et_pb_text][et_pb_image src=&#8221;https:\/\/www.radisufv.com.br\/site\/wp-content\/uploads\/2019\/02\/viktor-forgacs-372427-unsplash.jpg&#8221; _builder_version=&#8221;3.0.94&#8243; align=&#8221;center&#8221; \/][et_pb_text _builder_version=&#8221;3.0.94&#8243;]<\/p>\n<p style=\"text-align: right;\"><span style=\"color: #000000; font-size: x-small;\">Foto: <a style=\"color: #000000;\" href=\"https:\/\/unsplash.com\/photos\/5Bsz0UlHktw?utm_source=unsplash&amp;utm_medium=referral&amp;utm_content=creditCopyText\">Viktor Forgacs<\/a>\u00a0<\/span><\/p>\n<p style=\"text-align: center;\"><em>Produtor rural pode utilizar espa\u00e7os com restri\u00e7\u00f5es quanto ao tipo de atividade<\/em><\/p>\n<p style=\"text-align: justify;\"><em>\u00a0<\/em>Uma \u00c1rea de Uso Restrito \u00e9 aquela considerada\u00a0sens\u00edvel, onde a\u00a0explora\u00e7\u00e3o requer a ado\u00e7\u00e3o de boas pr\u00e1ticas agropecu\u00e1rias e florestais.\u00a0Com a aprova\u00e7\u00e3o do\u00a0novo\u00a0C\u00f3digo Florestal, foram criadas obrigatoriedade de prote\u00e7\u00e3o ambiental para esses espa\u00e7os,\u00a0al\u00e9m das \u00c1reas de Preserva\u00e7\u00e3o Permanentes (APPs) e as Reservas Legais,\u00a0que j\u00e1 apresentavam por Lei\u00a0medidas similares.<\/p>\n<p style=\"text-align: justify;\">O\u00a0Novo C\u00f3digo Florestal\u00a0diz que\u00a0\u00c1reas de Uso Restrito podem ser utilizados pelo produtor rural, por\u00e9m existem\u00a0restri\u00e7\u00f5es quanto ao tipo de atividade. \u00c9 preciso que o propriet\u00e1rio\u00a0atenda \u00e0s t\u00e9cnicas de explora\u00e7\u00e3o ecologicamente sustent\u00e1vel, al\u00e9m de seguir\u00a0recomenda\u00e7\u00f5es t\u00e9cnicas dos \u00f3rg\u00e3os oficiais de pesquisa.<\/p>\n<p style=\"text-align: justify;\">S\u00e3o consideradas \u00c1reas de Uso Restrito os pantanais, que s\u00e3o todas as \u00e1reas sujeitas a per\u00edodos de cheias e per\u00edodos de vazante al\u00e9m do Pantanal Mato-grossense, e as encostas de morros com inclina\u00e7\u00e3o entre 25\u00b0 e 45\u00b0.<\/p>\n<p style=\"text-align: justify;\"><strong>Pantanais e Plan\u00edcies pantaneiras<\/strong><\/p>\n<p style=\"text-align: justify;\">A\u00a0explora\u00e7\u00e3o ecologicamente sustent\u00e1vel\u00a0\u00e9 permitida nestas \u00e1reas,\u00a0desde que\u00a0as recomenda\u00e7\u00f5es t\u00e9cnicas dos \u00f3rg\u00e3os oficiais de pesquisa\u00a0sejam seguidas.\u00a0Para realizar novas supress\u00f5es de vegeta\u00e7\u00e3o nativa para o uso alternativo do solo\u00a0\u00e9 preciso de uma\u00a0autoriza\u00e7\u00e3o do \u00f3rg\u00e3o estadual do meio ambiente.<\/p>\n<p style=\"text-align: justify;\"><strong>\u00c1reas de inclina\u00e7\u00e3o entre 25\u00ba e 45\u00ba<\/strong><\/p>\n<p style=\"text-align: justify;\">O\u00a0manejo florestal sustent\u00e1vel e o exerc\u00edcio das atividades\u00a0agrossilvipastoris\u00a0s\u00e3o permitidos nestas \u00e1reas,\u00a0por\u00e9m, claro, \u00e9 preciso fazer o\u00a0uso de boas pr\u00e1ticas agropecu\u00e1rias.\u00a0Fica\u00a0vedada a convers\u00e3o\u00a0de novos espa\u00e7os, exceto para uso de\u00a0utilidade p\u00fablica e interesse social.<\/p>\n<p>[\/et_pb_text][\/et_pb_column][et_pb_column type=&#8221;1_4&#8243;][et_pb_social_media_follow follow_button=&#8221;on&#8221; _builder_version=&#8221;3.0.94&#8243;][et_pb_social_media_follow_network social_network=&#8221;facebook&#8221; url=&#8221;http:\/\/www.facebook.com\/radisufv&#8221; _builder_version=&#8221;3.0.94&#8243; background_color=&#8221;#3b5998&#8243; follow_button=&#8221;on&#8221; url_new_window=&#8221;on&#8221;] Facebook [\/et_pb_social_media_follow_network][et_pb_social_media_follow_network social_network=&#8221;instagram&#8221; url=&#8221;http:\/\/www.instagram.com\/radis_ufv&#8221; _builder_version=&#8221;3.0.94&#8243; background_color=&#8221;#8300e9&#8243; follow_button=&#8221;on&#8221; url_new_window=&#8221;on&#8221;] Instagram [\/et_pb_social_media_follow_network][\/et_pb_social_media_follow][\/et_pb_column][\/et_pb_row][\/et_pb_section]<\/p>\n","protected":false},"excerpt":{"rendered":"<p>[et_pb_section bb_built=&#8221;1&#8243; _builder_version=&#8221;3.0.47&#8243;][et_pb_row _builder_version=&#8221;3.0.47&#8243; background_size=&#8221;initial&#8221; background_position=&#8221;top_left&#8221; background_repeat=&#8221;repeat&#8221;][et_pb_column type=&#8221;3_4&#8243;][et_pb_text _builder_version=&#8221;3.0.94&#8243;] 20 de fevereiro de 2019 &nbsp; Entenda como usar as \u00c1reas de Uso Restrito [\/et_pb_text][et_pb_image src=&#8221;https:\/\/www.radisufv.com.br\/site\/wp-content\/uploads\/2019\/02\/viktor-forgacs-372427-unsplash.jpg&#8221; _builder_version=&#8221;3.0.94&#8243; align=&#8221;center&#8221; \/][et_pb_text _builder_version=&#8221;3.0.94&#8243;] Foto: Viktor Forgacs\u00a0 Produtor rural pode utilizar espa\u00e7os com restri\u00e7\u00f5es quanto ao tipo de atividade \u00a0Uma \u00c1rea de Uso Restrito \u00e9 aquela considerada\u00a0sens\u00edvel, onde a\u00a0explora\u00e7\u00e3o requer [&hellip;]<\/p>\n","protected":false},"author":5,"featured_media":0,"parent":51982,"menu_order":0,"comment_status":"closed","ping_status":"closed","template":"","meta":[],"_links":{"self":[{"href":"https:\/\/www.radisufv.com.br\/site\/wp-json\/wp\/v2\/pages\/53555"}],"collection":[{"href":"https:\/\/www.radisufv.com.br\/site\/wp-json\/wp\/v2\/pages"}],"about":[{"href":"https:\/\/www.radisufv.com.br\/site\/wp-json\/wp\/v2\/types\/page"}],"author":[{"embeddable":true,"href":"https:\/\/www.radisufv.com.br\/site\/wp-json\/wp\/v2\/users\/5"}],"replies":[{"embeddable":true,"href":"https:\/\/www.radisufv.com.br\/site\/wp-json\/wp\/v2\/comments?post=53555"}],"version-history":[{"count":5,"href":"https:\/\/www.radisufv.com.br\/site\/wp-json\/wp\/v2\/pages\/53555\/revisions"}],"predecessor-version":[{"id":53584,"href":"https:\/\/www.radisufv.com.br\/site\/wp-json\/wp\/v2\/pages\/53555\/revisions\/53584"}],"up":[{"embeddable":true,"href":"https:\/\/www.radisufv.com.br\/site\/wp-json\/wp\/v2\/pages\/51982"}],"wp:attachment":[{"href":"https:\/\/www.radisufv.com.br\/site\/wp-json\/wp\/v2\/media?parent=53555"}],"curies":[{"name":"wp","href":"https:\/\/api.w.org\/{rel}","templated":true}]}}