{"id":53567,"date":"2019-02-27T17:19:12","date_gmt":"2019-02-27T20:19:12","guid":{"rendered":"https:\/\/www.radisufv.com.br\/site\/?page_id=53567"},"modified":"2019-02-27T17:26:25","modified_gmt":"2019-02-27T20:26:25","slug":"quem-somos","status":"publish","type":"page","link":"https:\/\/www.radisufv.com.br\/site\/quem-somos\/","title":{"rendered":"Quem somos"},"content":{"rendered":"<p>[et_pb_section bb_built=&#8221;1&#8243; _builder_version=&#8221;3.0.47&#8243;][et_pb_row _builder_version=&#8221;3.0.47&#8243; background_size=&#8221;initial&#8221; background_position=&#8221;top_left&#8221; background_repeat=&#8221;repeat&#8221;][et_pb_column type=&#8221;2_3&#8243;][et_pb_text _builder_version=&#8221;3.0.94&#8243;]<\/p>\n<h4><strong>QUEM SOMOS<\/strong><\/h4>\n<p>&nbsp;<\/p>\n<p style=\"text-align: justify;\">A UFV \u00e9 uma institui\u00e7\u00e3o de not\u00f3ria import\u00e2ncia e tradi\u00e7\u00e3o no ensino, pesquisa e extens\u00e3o. Conta com o trabalho de professores e pesquisadores de renome na comunidade cient\u00edfica, bem como o envolvimento de t\u00e9cnicos e estudantes, comprometidos com a miss\u00e3o de produzir e disseminar o conhecimento nos diversos campos do conhecimento.<\/p>\n<p>[\/et_pb_text][\/et_pb_column][et_pb_column type=&#8221;1_3&#8243;][et_pb_image src=&#8221;https:\/\/www.radisufv.com.br\/site\/wp-content\/uploads\/2018\/08\/logo_ufv.png&#8221; _builder_version=&#8221;3.0.94&#8243; align=&#8221;center&#8221; max_width=&#8221;71%&#8221; \/][\/et_pb_column][\/et_pb_row][\/et_pb_section]<\/p>\n","protected":false},"excerpt":{"rendered":"<p>[et_pb_section bb_built=&#8221;1&#8243; _builder_version=&#8221;3.0.47&#8243;][et_pb_row _builder_version=&#8221;3.0.47&#8243; background_size=&#8221;initial&#8221; background_position=&#8221;top_left&#8221; background_repeat=&#8221;repeat&#8221;][et_pb_column type=&#8221;2_3&#8243;][et_pb_text _builder_version=&#8221;3.0.94&#8243;] QUEM SOMOS &nbsp; A UFV \u00e9 uma institui\u00e7\u00e3o de not\u00f3ria import\u00e2ncia e tradi\u00e7\u00e3o no ensino, pesquisa e extens\u00e3o. Conta com o trabalho de professores e pesquisadores de renome na comunidade cient\u00edfica, bem como o envolvimento de t\u00e9cnicos e estudantes, comprometidos com a miss\u00e3o de produzir e [&hellip;]<\/p>\n","protected":false},"author":5,"featured_media":0,"parent":0,"menu_order":0,"comment_status":"closed","ping_status":"closed","template":"","meta":[],"_links":{"self":[{"href":"https:\/\/www.radisufv.com.br\/site\/wp-json\/wp\/v2\/pages\/53567"}],"collection":[{"href":"https:\/\/www.radisufv.com.br\/site\/wp-json\/wp\/v2\/pages"}],"about":[{"href":"https:\/\/www.radisufv.com.br\/site\/wp-json\/wp\/v2\/types\/page"}],"author":[{"embeddable":true,"href":"https:\/\/www.radisufv.com.br\/site\/wp-json\/wp\/v2\/users\/5"}],"replies":[{"embeddable":true,"href":"https:\/\/www.radisufv.com.br\/site\/wp-json\/wp\/v2\/comments?post=53567"}],"version-history":[{"count":8,"href":"https:\/\/www.radisufv.com.br\/site\/wp-json\/wp\/v2\/pages\/53567\/revisions"}],"predecessor-version":[{"id":53577,"href":"https:\/\/www.radisufv.com.br\/site\/wp-json\/wp\/v2\/pages\/53567\/revisions\/53577"}],"wp:attachment":[{"href":"https:\/\/www.radisufv.com.br\/site\/wp-json\/wp\/v2\/media?parent=53567"}],"curies":[{"name":"wp","href":"https:\/\/api.w.org\/{rel}","templated":true}]}}